{"id":10340,"date":"2020-11-12T09:48:41","date_gmt":"2020-11-12T08:48:41","guid":{"rendered":"https:\/\/www.cartelmatic.com\/nos-engagements\/"},"modified":"2022-01-19T10:04:19","modified_gmt":"2022-01-19T09:04:19","slug":"nuestros-compromisos","status":"publish","type":"page","link":"https:\/\/www.cartelmatic.com\/es\/nuestros-compromisos\/","title":{"rendered":"Nuestros compromisos"},"content":{"rendered":"<h2>La discapacidad en el centro de la innovaci\u00f3n digital<\/h2>\n<p>Estamos comprometidos con el desarrollo de un uso c\u00f3modo para todos, <strong>por lo que tenemos en cuenta la discapacidad en la fase de dise\u00f1o de nuestros productos<\/strong>, los cuales est\u00e1n adaptados a todos los usos posibles.<\/p>\n<p><strong>Todos nuestros terminales pueden calificarse de terminales para PMR.<\/strong><\/p>\n<p>El dise\u00f1o de nuestros productos se inscribe en lo que debemos llamar \u00ab<strong>dise\u00f1o universal<\/strong>\u00bb. Es decir, no creamos una funci\u00f3n pensada para personas con discapacidad. <strong>Nuestros productos deben poder ser utilizados del mismo modo por todos.<\/strong><\/p>\n","protected":false},"excerpt":{"rendered":"<p>La discapacidad en el centro de la innovaci\u00f3n digital Estamos comprometidos con el desarrollo de un uso c\u00f3modo &#8230;<\/p>\n","protected":false},"author":1,"featured_media":11177,"parent":0,"menu_order":0,"comment_status":"closed","ping_status":"closed","template":"nos-engagements.php","meta":{"_acf_changed":false,"footnotes":""},"class_list":["post-10340","page","type-page","status-publish","has-post-thumbnail","hentry"],"acf":[],"yoast_head":"<!-- This site is optimized with the Yoast SEO plugin v27.3 - https:\/\/yoast.com\/product\/yoast-seo-wordpress\/ -->\n<title>Nuestros compromisos en el terminal t\u00e1ctil para PMR | Cartelmatic<\/title>\n<meta name=\"description\" content=\"Estamos comprometidos con el desarrollo de un uso c\u00f3modo para todos, por lo que tenemos en cuenta la discapacidad en la fase de dise\u00f1o de nuestros productos, los cuales est\u00e1n adaptados a todos los usos posibles.\" \/>\n<meta name=\"robots\" content=\"index, follow, max-snippet:-1, max-image-preview:large, max-video-preview:-1\" \/>\n<link rel=\"canonical\" href=\"https:\/\/www.cartelmatic.com\/es\/nuestros-compromisos\/\" \/>\n<meta property=\"og:locale\" content=\"es_ES\" \/>\n<meta property=\"og:type\" content=\"article\" \/>\n<meta property=\"og:title\" content=\"Nuestros compromisos en el terminal t\u00e1ctil para PMR | Cartelmatic\" \/>\n<meta property=\"og:description\" content=\"Estamos comprometidos con el desarrollo de un uso c\u00f3modo para todos, por lo que tenemos en cuenta la discapacidad en la fase de dise\u00f1o de nuestros productos, los cuales est\u00e1n adaptados a todos los usos posibles.\" \/>\n<meta property=\"og:url\" content=\"https:\/\/www.cartelmatic.com\/es\/nuestros-compromisos\/\" \/>\n<meta property=\"og:site_name\" content=\"Cartelmatic\" \/>\n<meta property=\"article:publisher\" content=\"https:\/\/www.facebook.com\/pages\/Cartel-Matic\/290212320994482\" \/>\n<meta property=\"article:modified_time\" content=\"2022-01-19T09:04:19+00:00\" \/>\n<meta property=\"og:image\" content=\"https:\/\/www.cartelmatic.com\/wp-content\/uploads\/2022\/01\/visuel_handicapES.png\" \/>\n\t<meta property=\"og:image:width\" content=\"2229\" \/>\n\t<meta property=\"og:image:height\" content=\"2242\" \/>\n\t<meta property=\"og:image:type\" content=\"image\/png\" \/>\n<meta name=\"twitter:card\" content=\"summary_large_image\" \/>\n<meta name=\"twitter:label1\" content=\"Tiempo de lectura\" \/>\n\t<meta name=\"twitter:data1\" content=\"1 minuto\" \/>\n<script type=\"application\/ld+json\" class=\"yoast-schema-graph\">{\"@context\":\"https:\\\/\\\/schema.org\",\"@graph\":[{\"@type\":\"WebPage\",\"@id\":\"https:\\\/\\\/www.cartelmatic.com\\\/es\\\/nuestros-compromisos\\\/\",\"url\":\"https:\\\/\\\/www.cartelmatic.com\\\/es\\\/nuestros-compromisos\\\/\",\"name\":\"Nuestros compromisos en el terminal t\u00e1ctil para PMR | Cartelmatic\",\"isPartOf\":{\"@id\":\"https:\\\/\\\/www.cartelmatic.com\\\/es\\\/#website\"},\"primaryImageOfPage\":{\"@id\":\"https:\\\/\\\/www.cartelmatic.com\\\/es\\\/nuestros-compromisos\\\/#primaryimage\"},\"image\":{\"@id\":\"https:\\\/\\\/www.cartelmatic.com\\\/es\\\/nuestros-compromisos\\\/#primaryimage\"},\"thumbnailUrl\":\"https:\\\/\\\/www.cartelmatic.com\\\/wp-content\\\/uploads\\\/2022\\\/01\\\/visuel_handicapES.png\",\"datePublished\":\"2020-11-12T08:48:41+00:00\",\"dateModified\":\"2022-01-19T09:04:19+00:00\",\"description\":\"Estamos comprometidos con el desarrollo de un uso c\u00f3modo para todos, por lo que tenemos en cuenta la discapacidad en la fase de dise\u00f1o de nuestros productos, los cuales est\u00e1n adaptados a todos los usos posibles.\",\"breadcrumb\":{\"@id\":\"https:\\\/\\\/www.cartelmatic.com\\\/es\\\/nuestros-compromisos\\\/#breadcrumb\"},\"inLanguage\":\"es\",\"potentialAction\":[{\"@type\":\"ReadAction\",\"target\":[\"https:\\\/\\\/www.cartelmatic.com\\\/es\\\/nuestros-compromisos\\\/\"]}]},{\"@type\":\"ImageObject\",\"inLanguage\":\"es\",\"@id\":\"https:\\\/\\\/www.cartelmatic.com\\\/es\\\/nuestros-compromisos\\\/#primaryimage\",\"url\":\"https:\\\/\\\/www.cartelmatic.com\\\/wp-content\\\/uploads\\\/2022\\\/01\\\/visuel_handicapES.png\",\"contentUrl\":\"https:\\\/\\\/www.cartelmatic.com\\\/wp-content\\\/uploads\\\/2022\\\/01\\\/visuel_handicapES.png\",\"width\":2229,\"height\":2242},{\"@type\":\"BreadcrumbList\",\"@id\":\"https:\\\/\\\/www.cartelmatic.com\\\/es\\\/nuestros-compromisos\\\/#breadcrumb\",\"itemListElement\":[{\"@type\":\"ListItem\",\"position\":1,\"name\":\"Home\",\"item\":\"https:\\\/\\\/www.cartelmatic.com\\\/es\\\/\"},{\"@type\":\"ListItem\",\"position\":2,\"name\":\"Nuestros compromisos\"}]},{\"@type\":\"WebSite\",\"@id\":\"https:\\\/\\\/www.cartelmatic.com\\\/es\\\/#website\",\"url\":\"https:\\\/\\\/www.cartelmatic.com\\\/es\\\/\",\"name\":\"Cartelmatic\",\"description\":\"Solutions interactives\",\"publisher\":{\"@id\":\"https:\\\/\\\/www.cartelmatic.com\\\/es\\\/#organization\"},\"potentialAction\":[{\"@type\":\"SearchAction\",\"target\":{\"@type\":\"EntryPoint\",\"urlTemplate\":\"https:\\\/\\\/www.cartelmatic.com\\\/es\\\/?s={search_term_string}\"},\"query-input\":{\"@type\":\"PropertyValueSpecification\",\"valueRequired\":true,\"valueName\":\"search_term_string\"}}],\"inLanguage\":\"es\"},{\"@type\":\"Organization\",\"@id\":\"https:\\\/\\\/www.cartelmatic.com\\\/es\\\/#organization\",\"name\":\"Cartelmatic\",\"url\":\"https:\\\/\\\/www.cartelmatic.com\\\/es\\\/\",\"logo\":{\"@type\":\"ImageObject\",\"inLanguage\":\"es\",\"@id\":\"https:\\\/\\\/www.cartelmatic.com\\\/es\\\/#\\\/schema\\\/logo\\\/image\\\/\",\"url\":\"https:\\\/\\\/www.cartelmatic.com\\\/wp-content\\\/uploads\\\/2020\\\/10\\\/CMJN-logo-noir.svg\",\"contentUrl\":\"https:\\\/\\\/www.cartelmatic.com\\\/wp-content\\\/uploads\\\/2020\\\/10\\\/CMJN-logo-noir.svg\",\"width\":1,\"height\":1,\"caption\":\"Cartelmatic\"},\"image\":{\"@id\":\"https:\\\/\\\/www.cartelmatic.com\\\/es\\\/#\\\/schema\\\/logo\\\/image\\\/\"},\"sameAs\":[\"https:\\\/\\\/www.facebook.com\\\/pages\\\/Cartel-Matic\\\/290212320994482\",\"https:\\\/\\\/www.linkedin.com\\\/company\\\/cartelmatic\\\/\",\"https:\\\/\\\/www.instagram.com\\\/cartel_matic\\\/?hl=fr\",\"https:\\\/\\\/www.youtube.com\\\/channel\\\/UCQ2wm7Goi8nwv9Ud28QsnOg\"]}]}<\/script>\n<!-- \/ Yoast SEO plugin. -->","yoast_head_json":{"title":"Nuestros compromisos en el terminal t\u00e1ctil para PMR | Cartelmatic","description":"Estamos comprometidos con el desarrollo de un uso c\u00f3modo para todos, por lo que tenemos en cuenta la discapacidad en la fase de dise\u00f1o de nuestros productos, los cuales est\u00e1n adaptados a todos los usos posibles.","robots":{"index":"index","follow":"follow","max-snippet":"max-snippet:-1","max-image-preview":"max-image-preview:large","max-video-preview":"max-video-preview:-1"},"canonical":"https:\/\/www.cartelmatic.com\/es\/nuestros-compromisos\/","og_locale":"es_ES","og_type":"article","og_title":"Nuestros compromisos en el terminal t\u00e1ctil para PMR | Cartelmatic","og_description":"Estamos comprometidos con el desarrollo de un uso c\u00f3modo para todos, por lo que tenemos en cuenta la discapacidad en la fase de dise\u00f1o de nuestros productos, los cuales est\u00e1n adaptados a todos los usos posibles.","og_url":"https:\/\/www.cartelmatic.com\/es\/nuestros-compromisos\/","og_site_name":"Cartelmatic","article_publisher":"https:\/\/www.facebook.com\/pages\/Cartel-Matic\/290212320994482","article_modified_time":"2022-01-19T09:04:19+00:00","og_image":[{"width":2229,"height":2242,"url":"https:\/\/www.cartelmatic.com\/wp-content\/uploads\/2022\/01\/visuel_handicapES.png","type":"image\/png"}],"twitter_card":"summary_large_image","twitter_misc":{"Tiempo de lectura":"1 minuto"},"schema":{"@context":"https:\/\/schema.org","@graph":[{"@type":"WebPage","@id":"https:\/\/www.cartelmatic.com\/es\/nuestros-compromisos\/","url":"https:\/\/www.cartelmatic.com\/es\/nuestros-compromisos\/","name":"Nuestros compromisos en el terminal t\u00e1ctil para PMR | Cartelmatic","isPartOf":{"@id":"https:\/\/www.cartelmatic.com\/es\/#website"},"primaryImageOfPage":{"@id":"https:\/\/www.cartelmatic.com\/es\/nuestros-compromisos\/#primaryimage"},"image":{"@id":"https:\/\/www.cartelmatic.com\/es\/nuestros-compromisos\/#primaryimage"},"thumbnailUrl":"https:\/\/www.cartelmatic.com\/wp-content\/uploads\/2022\/01\/visuel_handicapES.png","datePublished":"2020-11-12T08:48:41+00:00","dateModified":"2022-01-19T09:04:19+00:00","description":"Estamos comprometidos con el desarrollo de un uso c\u00f3modo para todos, por lo que tenemos en cuenta la discapacidad en la fase de dise\u00f1o de nuestros productos, los cuales est\u00e1n adaptados a todos los usos posibles.","breadcrumb":{"@id":"https:\/\/www.cartelmatic.com\/es\/nuestros-compromisos\/#breadcrumb"},"inLanguage":"es","potentialAction":[{"@type":"ReadAction","target":["https:\/\/www.cartelmatic.com\/es\/nuestros-compromisos\/"]}]},{"@type":"ImageObject","inLanguage":"es","@id":"https:\/\/www.cartelmatic.com\/es\/nuestros-compromisos\/#primaryimage","url":"https:\/\/www.cartelmatic.com\/wp-content\/uploads\/2022\/01\/visuel_handicapES.png","contentUrl":"https:\/\/www.cartelmatic.com\/wp-content\/uploads\/2022\/01\/visuel_handicapES.png","width":2229,"height":2242},{"@type":"BreadcrumbList","@id":"https:\/\/www.cartelmatic.com\/es\/nuestros-compromisos\/#breadcrumb","itemListElement":[{"@type":"ListItem","position":1,"name":"Home","item":"https:\/\/www.cartelmatic.com\/es\/"},{"@type":"ListItem","position":2,"name":"Nuestros compromisos"}]},{"@type":"WebSite","@id":"https:\/\/www.cartelmatic.com\/es\/#website","url":"https:\/\/www.cartelmatic.com\/es\/","name":"Cartelmatic","description":"Solutions interactives","publisher":{"@id":"https:\/\/www.cartelmatic.com\/es\/#organization"},"potentialAction":[{"@type":"SearchAction","target":{"@type":"EntryPoint","urlTemplate":"https:\/\/www.cartelmatic.com\/es\/?s={search_term_string}"},"query-input":{"@type":"PropertyValueSpecification","valueRequired":true,"valueName":"search_term_string"}}],"inLanguage":"es"},{"@type":"Organization","@id":"https:\/\/www.cartelmatic.com\/es\/#organization","name":"Cartelmatic","url":"https:\/\/www.cartelmatic.com\/es\/","logo":{"@type":"ImageObject","inLanguage":"es","@id":"https:\/\/www.cartelmatic.com\/es\/#\/schema\/logo\/image\/","url":"https:\/\/www.cartelmatic.com\/wp-content\/uploads\/2020\/10\/CMJN-logo-noir.svg","contentUrl":"https:\/\/www.cartelmatic.com\/wp-content\/uploads\/2020\/10\/CMJN-logo-noir.svg","width":1,"height":1,"caption":"Cartelmatic"},"image":{"@id":"https:\/\/www.cartelmatic.com\/es\/#\/schema\/logo\/image\/"},"sameAs":["https:\/\/www.facebook.com\/pages\/Cartel-Matic\/290212320994482","https:\/\/www.linkedin.com\/company\/cartelmatic\/","https:\/\/www.instagram.com\/cartel_matic\/?hl=fr","https:\/\/www.youtube.com\/channel\/UCQ2wm7Goi8nwv9Ud28QsnOg"]}]}},"_links":{"self":[{"href":"https:\/\/www.cartelmatic.com\/es\/wp-json\/wp\/v2\/pages\/10340","targetHints":{"allow":["GET"]}}],"collection":[{"href":"https:\/\/www.cartelmatic.com\/es\/wp-json\/wp\/v2\/pages"}],"about":[{"href":"https:\/\/www.cartelmatic.com\/es\/wp-json\/wp\/v2\/types\/page"}],"author":[{"embeddable":true,"href":"https:\/\/www.cartelmatic.com\/es\/wp-json\/wp\/v2\/users\/1"}],"replies":[{"embeddable":true,"href":"https:\/\/www.cartelmatic.com\/es\/wp-json\/wp\/v2\/comments?post=10340"}],"version-history":[{"count":0,"href":"https:\/\/www.cartelmatic.com\/es\/wp-json\/wp\/v2\/pages\/10340\/revisions"}],"wp:featuredmedia":[{"embeddable":true,"href":"https:\/\/www.cartelmatic.com\/es\/wp-json\/wp\/v2\/media\/11177"}],"wp:attachment":[{"href":"https:\/\/www.cartelmatic.com\/es\/wp-json\/wp\/v2\/media?parent=10340"}],"curies":[{"name":"wp","href":"https:\/\/api.w.org\/{rel}","templated":true}]}}