{"id":10324,"date":"2020-11-12T09:43:02","date_gmt":"2020-11-12T08:43:02","guid":{"rendered":"https:\/\/www.cartelmatic.com\/nos-solutions-daffichage-dynamique\/nos-vitrines-tactiles\/"},"modified":"2021-10-14T10:50:42","modified_gmt":"2021-10-14T08:50:42","slug":"nuestros-escaparates-tactiles","status":"publish","type":"page","link":"https:\/\/www.cartelmatic.com\/es\/nuestras-soluciones-de-visualizacion-dinamica\/nuestros-escaparates-tactiles\/","title":{"rendered":"Nuestros escaparates t\u00e1ctiles"},"content":{"rendered":"<h2>Equipa tu escaparate con un terminal interactivo para lograr una experiencia de cliente INOLVIDABLE \ud83d\ude42<\/h2>\n<p>El escaparate t\u00e1ctil, <strong>situado en el interior y accesible desde el exterior<\/strong>, permite que tu espacio est\u00e9 abierto las 24 h.<\/p>\n<p>&nbsp;<\/p>\n","protected":false},"excerpt":{"rendered":"<p>Equipa tu escaparate con un terminal interactivo para lograr una experiencia de cliente INOLVIDABLE \ud83d\ude42 El escaparate t\u00e1ctil, &#8230;<\/p>\n","protected":false},"author":1,"featured_media":0,"parent":10308,"menu_order":0,"comment_status":"closed","ping_status":"closed","template":"nos-produits.php","meta":{"_acf_changed":false,"footnotes":""},"class_list":["post-10324","page","type-page","status-publish","hentry"],"acf":[],"yoast_head":"<!-- This site is optimized with the Yoast SEO plugin v27.3 - https:\/\/yoast.com\/product\/yoast-seo-wordpress\/ -->\n<title>Escaparates t\u00e1ctiles - Vvisualizaci\u00f3n din\u00e1mica | Cartelmatic<\/title>\n<meta name=\"description\" content=\"El escaparate t\u00e1ctil permite que tu espacio est\u00e9 abierto las 24 h. El escaparate t\u00e1ctil ilustra el concepto de ciudad conectada, por lo que es la principal herramienta de comunicaci\u00f3n en el espacio urbano\" \/>\n<meta name=\"robots\" content=\"index, follow, max-snippet:-1, max-image-preview:large, max-video-preview:-1\" \/>\n<link rel=\"canonical\" href=\"https:\/\/www.cartelmatic.com\/es\/nuestras-soluciones-de-visualizacion-dinamica\/nuestros-escaparates-tactiles\/\" \/>\n<meta property=\"og:locale\" content=\"es_ES\" \/>\n<meta property=\"og:type\" content=\"article\" \/>\n<meta property=\"og:title\" content=\"Escaparates t\u00e1ctiles - Vvisualizaci\u00f3n din\u00e1mica | Cartelmatic\" \/>\n<meta property=\"og:description\" content=\"El escaparate t\u00e1ctil permite que tu espacio est\u00e9 abierto las 24 h. El escaparate t\u00e1ctil ilustra el concepto de ciudad conectada, por lo que es la principal herramienta de comunicaci\u00f3n en el espacio urbano\" \/>\n<meta property=\"og:url\" content=\"https:\/\/www.cartelmatic.com\/es\/nuestras-soluciones-de-visualizacion-dinamica\/nuestros-escaparates-tactiles\/\" \/>\n<meta property=\"og:site_name\" content=\"Cartelmatic\" \/>\n<meta property=\"article:publisher\" content=\"https:\/\/www.facebook.com\/pages\/Cartel-Matic\/290212320994482\" \/>\n<meta property=\"article:modified_time\" content=\"2021-10-14T08:50:42+00:00\" \/>\n<meta name=\"twitter:card\" content=\"summary_large_image\" \/>\n<meta name=\"twitter:label1\" content=\"Tiempo de lectura\" \/>\n\t<meta name=\"twitter:data1\" content=\"1 minuto\" \/>\n<script type=\"application\/ld+json\" class=\"yoast-schema-graph\">{\"@context\":\"https:\\\/\\\/schema.org\",\"@graph\":[{\"@type\":\"WebPage\",\"@id\":\"https:\\\/\\\/www.cartelmatic.com\\\/es\\\/nuestras-soluciones-de-visualizacion-dinamica\\\/nuestros-escaparates-tactiles\\\/\",\"url\":\"https:\\\/\\\/www.cartelmatic.com\\\/es\\\/nuestras-soluciones-de-visualizacion-dinamica\\\/nuestros-escaparates-tactiles\\\/\",\"name\":\"Escaparates t\u00e1ctiles - Vvisualizaci\u00f3n din\u00e1mica | Cartelmatic\",\"isPartOf\":{\"@id\":\"https:\\\/\\\/www.cartelmatic.com\\\/es\\\/#website\"},\"datePublished\":\"2020-11-12T08:43:02+00:00\",\"dateModified\":\"2021-10-14T08:50:42+00:00\",\"description\":\"El escaparate t\u00e1ctil permite que tu espacio est\u00e9 abierto las 24 h. El escaparate t\u00e1ctil ilustra el concepto de ciudad conectada, por lo que es la principal herramienta de comunicaci\u00f3n en el espacio urbano\",\"breadcrumb\":{\"@id\":\"https:\\\/\\\/www.cartelmatic.com\\\/es\\\/nuestras-soluciones-de-visualizacion-dinamica\\\/nuestros-escaparates-tactiles\\\/#breadcrumb\"},\"inLanguage\":\"es\",\"potentialAction\":[{\"@type\":\"ReadAction\",\"target\":[\"https:\\\/\\\/www.cartelmatic.com\\\/es\\\/nuestras-soluciones-de-visualizacion-dinamica\\\/nuestros-escaparates-tactiles\\\/\"]}]},{\"@type\":\"BreadcrumbList\",\"@id\":\"https:\\\/\\\/www.cartelmatic.com\\\/es\\\/nuestras-soluciones-de-visualizacion-dinamica\\\/nuestros-escaparates-tactiles\\\/#breadcrumb\",\"itemListElement\":[{\"@type\":\"ListItem\",\"position\":1,\"name\":\"Home\",\"item\":\"https:\\\/\\\/www.cartelmatic.com\\\/es\\\/\"},{\"@type\":\"ListItem\",\"position\":2,\"name\":\"Nuestras soluciones de visualizaci\u00f3n din\u00e1mica\",\"item\":\"https:\\\/\\\/www.cartelmatic.com\\\/es\\\/nos-solutions-daffichage-dynamique\\\/\"},{\"@type\":\"ListItem\",\"position\":3,\"name\":\"Nuestros escaparates t\u00e1ctiles\"}]},{\"@type\":\"WebSite\",\"@id\":\"https:\\\/\\\/www.cartelmatic.com\\\/es\\\/#website\",\"url\":\"https:\\\/\\\/www.cartelmatic.com\\\/es\\\/\",\"name\":\"Cartelmatic\",\"description\":\"Solutions interactives\",\"publisher\":{\"@id\":\"https:\\\/\\\/www.cartelmatic.com\\\/es\\\/#organization\"},\"potentialAction\":[{\"@type\":\"SearchAction\",\"target\":{\"@type\":\"EntryPoint\",\"urlTemplate\":\"https:\\\/\\\/www.cartelmatic.com\\\/es\\\/?s={search_term_string}\"},\"query-input\":{\"@type\":\"PropertyValueSpecification\",\"valueRequired\":true,\"valueName\":\"search_term_string\"}}],\"inLanguage\":\"es\"},{\"@type\":\"Organization\",\"@id\":\"https:\\\/\\\/www.cartelmatic.com\\\/es\\\/#organization\",\"name\":\"Cartelmatic\",\"url\":\"https:\\\/\\\/www.cartelmatic.com\\\/es\\\/\",\"logo\":{\"@type\":\"ImageObject\",\"inLanguage\":\"es\",\"@id\":\"https:\\\/\\\/www.cartelmatic.com\\\/es\\\/#\\\/schema\\\/logo\\\/image\\\/\",\"url\":\"https:\\\/\\\/www.cartelmatic.com\\\/wp-content\\\/uploads\\\/2020\\\/10\\\/CMJN-logo-noir.svg\",\"contentUrl\":\"https:\\\/\\\/www.cartelmatic.com\\\/wp-content\\\/uploads\\\/2020\\\/10\\\/CMJN-logo-noir.svg\",\"width\":1,\"height\":1,\"caption\":\"Cartelmatic\"},\"image\":{\"@id\":\"https:\\\/\\\/www.cartelmatic.com\\\/es\\\/#\\\/schema\\\/logo\\\/image\\\/\"},\"sameAs\":[\"https:\\\/\\\/www.facebook.com\\\/pages\\\/Cartel-Matic\\\/290212320994482\",\"https:\\\/\\\/www.linkedin.com\\\/company\\\/cartelmatic\\\/\",\"https:\\\/\\\/www.instagram.com\\\/cartel_matic\\\/?hl=fr\",\"https:\\\/\\\/www.youtube.com\\\/channel\\\/UCQ2wm7Goi8nwv9Ud28QsnOg\"]}]}<\/script>\n<!-- \/ Yoast SEO plugin. -->","yoast_head_json":{"title":"Escaparates t\u00e1ctiles - Vvisualizaci\u00f3n din\u00e1mica | Cartelmatic","description":"El escaparate t\u00e1ctil permite que tu espacio est\u00e9 abierto las 24 h. El escaparate t\u00e1ctil ilustra el concepto de ciudad conectada, por lo que es la principal herramienta de comunicaci\u00f3n en el espacio urbano","robots":{"index":"index","follow":"follow","max-snippet":"max-snippet:-1","max-image-preview":"max-image-preview:large","max-video-preview":"max-video-preview:-1"},"canonical":"https:\/\/www.cartelmatic.com\/es\/nuestras-soluciones-de-visualizacion-dinamica\/nuestros-escaparates-tactiles\/","og_locale":"es_ES","og_type":"article","og_title":"Escaparates t\u00e1ctiles - Vvisualizaci\u00f3n din\u00e1mica | Cartelmatic","og_description":"El escaparate t\u00e1ctil permite que tu espacio est\u00e9 abierto las 24 h. El escaparate t\u00e1ctil ilustra el concepto de ciudad conectada, por lo que es la principal herramienta de comunicaci\u00f3n en el espacio urbano","og_url":"https:\/\/www.cartelmatic.com\/es\/nuestras-soluciones-de-visualizacion-dinamica\/nuestros-escaparates-tactiles\/","og_site_name":"Cartelmatic","article_publisher":"https:\/\/www.facebook.com\/pages\/Cartel-Matic\/290212320994482","article_modified_time":"2021-10-14T08:50:42+00:00","twitter_card":"summary_large_image","twitter_misc":{"Tiempo de lectura":"1 minuto"},"schema":{"@context":"https:\/\/schema.org","@graph":[{"@type":"WebPage","@id":"https:\/\/www.cartelmatic.com\/es\/nuestras-soluciones-de-visualizacion-dinamica\/nuestros-escaparates-tactiles\/","url":"https:\/\/www.cartelmatic.com\/es\/nuestras-soluciones-de-visualizacion-dinamica\/nuestros-escaparates-tactiles\/","name":"Escaparates t\u00e1ctiles - Vvisualizaci\u00f3n din\u00e1mica | Cartelmatic","isPartOf":{"@id":"https:\/\/www.cartelmatic.com\/es\/#website"},"datePublished":"2020-11-12T08:43:02+00:00","dateModified":"2021-10-14T08:50:42+00:00","description":"El escaparate t\u00e1ctil permite que tu espacio est\u00e9 abierto las 24 h. El escaparate t\u00e1ctil ilustra el concepto de ciudad conectada, por lo que es la principal herramienta de comunicaci\u00f3n en el espacio urbano","breadcrumb":{"@id":"https:\/\/www.cartelmatic.com\/es\/nuestras-soluciones-de-visualizacion-dinamica\/nuestros-escaparates-tactiles\/#breadcrumb"},"inLanguage":"es","potentialAction":[{"@type":"ReadAction","target":["https:\/\/www.cartelmatic.com\/es\/nuestras-soluciones-de-visualizacion-dinamica\/nuestros-escaparates-tactiles\/"]}]},{"@type":"BreadcrumbList","@id":"https:\/\/www.cartelmatic.com\/es\/nuestras-soluciones-de-visualizacion-dinamica\/nuestros-escaparates-tactiles\/#breadcrumb","itemListElement":[{"@type":"ListItem","position":1,"name":"Home","item":"https:\/\/www.cartelmatic.com\/es\/"},{"@type":"ListItem","position":2,"name":"Nuestras soluciones de visualizaci\u00f3n din\u00e1mica","item":"https:\/\/www.cartelmatic.com\/es\/nos-solutions-daffichage-dynamique\/"},{"@type":"ListItem","position":3,"name":"Nuestros escaparates t\u00e1ctiles"}]},{"@type":"WebSite","@id":"https:\/\/www.cartelmatic.com\/es\/#website","url":"https:\/\/www.cartelmatic.com\/es\/","name":"Cartelmatic","description":"Solutions interactives","publisher":{"@id":"https:\/\/www.cartelmatic.com\/es\/#organization"},"potentialAction":[{"@type":"SearchAction","target":{"@type":"EntryPoint","urlTemplate":"https:\/\/www.cartelmatic.com\/es\/?s={search_term_string}"},"query-input":{"@type":"PropertyValueSpecification","valueRequired":true,"valueName":"search_term_string"}}],"inLanguage":"es"},{"@type":"Organization","@id":"https:\/\/www.cartelmatic.com\/es\/#organization","name":"Cartelmatic","url":"https:\/\/www.cartelmatic.com\/es\/","logo":{"@type":"ImageObject","inLanguage":"es","@id":"https:\/\/www.cartelmatic.com\/es\/#\/schema\/logo\/image\/","url":"https:\/\/www.cartelmatic.com\/wp-content\/uploads\/2020\/10\/CMJN-logo-noir.svg","contentUrl":"https:\/\/www.cartelmatic.com\/wp-content\/uploads\/2020\/10\/CMJN-logo-noir.svg","width":1,"height":1,"caption":"Cartelmatic"},"image":{"@id":"https:\/\/www.cartelmatic.com\/es\/#\/schema\/logo\/image\/"},"sameAs":["https:\/\/www.facebook.com\/pages\/Cartel-Matic\/290212320994482","https:\/\/www.linkedin.com\/company\/cartelmatic\/","https:\/\/www.instagram.com\/cartel_matic\/?hl=fr","https:\/\/www.youtube.com\/channel\/UCQ2wm7Goi8nwv9Ud28QsnOg"]}]}},"_links":{"self":[{"href":"https:\/\/www.cartelmatic.com\/es\/wp-json\/wp\/v2\/pages\/10324","targetHints":{"allow":["GET"]}}],"collection":[{"href":"https:\/\/www.cartelmatic.com\/es\/wp-json\/wp\/v2\/pages"}],"about":[{"href":"https:\/\/www.cartelmatic.com\/es\/wp-json\/wp\/v2\/types\/page"}],"author":[{"embeddable":true,"href":"https:\/\/www.cartelmatic.com\/es\/wp-json\/wp\/v2\/users\/1"}],"replies":[{"embeddable":true,"href":"https:\/\/www.cartelmatic.com\/es\/wp-json\/wp\/v2\/comments?post=10324"}],"version-history":[{"count":0,"href":"https:\/\/www.cartelmatic.com\/es\/wp-json\/wp\/v2\/pages\/10324\/revisions"}],"up":[{"embeddable":true,"href":"https:\/\/www.cartelmatic.com\/es\/wp-json\/wp\/v2\/pages\/10308"}],"wp:attachment":[{"href":"https:\/\/www.cartelmatic.com\/es\/wp-json\/wp\/v2\/media?parent=10324"}],"curies":[{"name":"wp","href":"https:\/\/api.w.org\/{rel}","templated":true}]}}