{"id":10312,"date":"2020-11-12T10:24:36","date_gmt":"2020-11-12T09:24:36","guid":{"rendered":"https:\/\/www.cartelmatic.com\/nos-solutions-daffichage-dynamique\/adoptez-la-tablette-pro\/"},"modified":"2021-10-14T11:32:56","modified_gmt":"2021-10-14T09:32:56","slug":"elige-la-tablet-pro","status":"publish","type":"page","link":"https:\/\/www.cartelmatic.com\/es\/nuestras-soluciones-de-visualizacion-dinamica\/elige-la-tablet-pro\/","title":{"rendered":"Elige la tablet pro"},"content":{"rendered":"<h2>Nuestros terminales en forma de tablet son un soporte de comunicaci\u00f3n adicional.<\/h2>\n<p>Son <strong>una alternativa m\u00e1s accesible que los terminales de gran tama\u00f1o<\/strong> y complementan la atenci\u00f3n presencial al usuario. Utilizadas en red o como complemento de los terminales interactivos,<strong> multiplican el acceso a la informaci\u00f3n.<\/strong><\/p>\n<p>&nbsp;<\/p>\n","protected":false},"excerpt":{"rendered":"<p>Nuestros terminales en forma de tablet son un soporte de comunicaci\u00f3n adicional. Son una alternativa m\u00e1s accesible que &#8230;<\/p>\n","protected":false},"author":1,"featured_media":0,"parent":10308,"menu_order":0,"comment_status":"closed","ping_status":"closed","template":"nos-produits.php","meta":{"_acf_changed":false,"footnotes":""},"class_list":["post-10312","page","type-page","status-publish","hentry"],"acf":[],"yoast_head":"<!-- This site is optimized with the Yoast SEO plugin v27.3 - https:\/\/yoast.com\/product\/yoast-seo-wordpress\/ -->\n<title>Terminales en forma de tablet - Visualizaci\u00f3n din\u00e1mica | Cartelmatic<\/title>\n<meta name=\"description\" content=\"Los terminales en formato de tablet son una soluci\u00f3n abordable para completar la atenci\u00f3n presencial.\" \/>\n<meta name=\"robots\" content=\"index, follow, max-snippet:-1, max-image-preview:large, max-video-preview:-1\" \/>\n<link rel=\"canonical\" href=\"https:\/\/www.cartelmatic.com\/es\/nuestras-soluciones-de-visualizacion-dinamica\/elige-la-tablet-pro\/\" \/>\n<meta property=\"og:locale\" content=\"es_ES\" \/>\n<meta property=\"og:type\" content=\"article\" \/>\n<meta property=\"og:title\" content=\"Terminales en forma de tablet - Visualizaci\u00f3n din\u00e1mica | Cartelmatic\" \/>\n<meta property=\"og:description\" content=\"Los terminales en formato de tablet son una soluci\u00f3n abordable para completar la atenci\u00f3n presencial.\" \/>\n<meta property=\"og:url\" content=\"https:\/\/www.cartelmatic.com\/es\/nuestras-soluciones-de-visualizacion-dinamica\/elige-la-tablet-pro\/\" \/>\n<meta property=\"og:site_name\" content=\"Cartelmatic\" \/>\n<meta property=\"article:publisher\" content=\"https:\/\/www.facebook.com\/pages\/Cartel-Matic\/290212320994482\" \/>\n<meta property=\"article:modified_time\" content=\"2021-10-14T09:32:56+00:00\" \/>\n<meta name=\"twitter:card\" content=\"summary_large_image\" \/>\n<meta name=\"twitter:label1\" content=\"Tiempo de lectura\" \/>\n\t<meta name=\"twitter:data1\" content=\"1 minuto\" \/>\n<script type=\"application\/ld+json\" class=\"yoast-schema-graph\">{\"@context\":\"https:\\\/\\\/schema.org\",\"@graph\":[{\"@type\":\"WebPage\",\"@id\":\"https:\\\/\\\/www.cartelmatic.com\\\/es\\\/nuestras-soluciones-de-visualizacion-dinamica\\\/elige-la-tablet-pro\\\/\",\"url\":\"https:\\\/\\\/www.cartelmatic.com\\\/es\\\/nuestras-soluciones-de-visualizacion-dinamica\\\/elige-la-tablet-pro\\\/\",\"name\":\"Terminales en forma de tablet - Visualizaci\u00f3n din\u00e1mica | Cartelmatic\",\"isPartOf\":{\"@id\":\"https:\\\/\\\/www.cartelmatic.com\\\/es\\\/#website\"},\"datePublished\":\"2020-11-12T09:24:36+00:00\",\"dateModified\":\"2021-10-14T09:32:56+00:00\",\"description\":\"Los terminales en formato de tablet son una soluci\u00f3n abordable para completar la atenci\u00f3n presencial.\",\"breadcrumb\":{\"@id\":\"https:\\\/\\\/www.cartelmatic.com\\\/es\\\/nuestras-soluciones-de-visualizacion-dinamica\\\/elige-la-tablet-pro\\\/#breadcrumb\"},\"inLanguage\":\"es\",\"potentialAction\":[{\"@type\":\"ReadAction\",\"target\":[\"https:\\\/\\\/www.cartelmatic.com\\\/es\\\/nuestras-soluciones-de-visualizacion-dinamica\\\/elige-la-tablet-pro\\\/\"]}]},{\"@type\":\"BreadcrumbList\",\"@id\":\"https:\\\/\\\/www.cartelmatic.com\\\/es\\\/nuestras-soluciones-de-visualizacion-dinamica\\\/elige-la-tablet-pro\\\/#breadcrumb\",\"itemListElement\":[{\"@type\":\"ListItem\",\"position\":1,\"name\":\"Home\",\"item\":\"https:\\\/\\\/www.cartelmatic.com\\\/es\\\/\"},{\"@type\":\"ListItem\",\"position\":2,\"name\":\"Nuestras soluciones de visualizaci\u00f3n din\u00e1mica\",\"item\":\"https:\\\/\\\/www.cartelmatic.com\\\/es\\\/nos-solutions-daffichage-dynamique\\\/\"},{\"@type\":\"ListItem\",\"position\":3,\"name\":\"Elige la tablet pro\"}]},{\"@type\":\"WebSite\",\"@id\":\"https:\\\/\\\/www.cartelmatic.com\\\/es\\\/#website\",\"url\":\"https:\\\/\\\/www.cartelmatic.com\\\/es\\\/\",\"name\":\"Cartelmatic\",\"description\":\"Solutions interactives\",\"publisher\":{\"@id\":\"https:\\\/\\\/www.cartelmatic.com\\\/es\\\/#organization\"},\"potentialAction\":[{\"@type\":\"SearchAction\",\"target\":{\"@type\":\"EntryPoint\",\"urlTemplate\":\"https:\\\/\\\/www.cartelmatic.com\\\/es\\\/?s={search_term_string}\"},\"query-input\":{\"@type\":\"PropertyValueSpecification\",\"valueRequired\":true,\"valueName\":\"search_term_string\"}}],\"inLanguage\":\"es\"},{\"@type\":\"Organization\",\"@id\":\"https:\\\/\\\/www.cartelmatic.com\\\/es\\\/#organization\",\"name\":\"Cartelmatic\",\"url\":\"https:\\\/\\\/www.cartelmatic.com\\\/es\\\/\",\"logo\":{\"@type\":\"ImageObject\",\"inLanguage\":\"es\",\"@id\":\"https:\\\/\\\/www.cartelmatic.com\\\/es\\\/#\\\/schema\\\/logo\\\/image\\\/\",\"url\":\"https:\\\/\\\/www.cartelmatic.com\\\/wp-content\\\/uploads\\\/2020\\\/10\\\/CMJN-logo-noir.svg\",\"contentUrl\":\"https:\\\/\\\/www.cartelmatic.com\\\/wp-content\\\/uploads\\\/2020\\\/10\\\/CMJN-logo-noir.svg\",\"width\":1,\"height\":1,\"caption\":\"Cartelmatic\"},\"image\":{\"@id\":\"https:\\\/\\\/www.cartelmatic.com\\\/es\\\/#\\\/schema\\\/logo\\\/image\\\/\"},\"sameAs\":[\"https:\\\/\\\/www.facebook.com\\\/pages\\\/Cartel-Matic\\\/290212320994482\",\"https:\\\/\\\/www.linkedin.com\\\/company\\\/cartelmatic\\\/\",\"https:\\\/\\\/www.instagram.com\\\/cartel_matic\\\/?hl=fr\",\"https:\\\/\\\/www.youtube.com\\\/channel\\\/UCQ2wm7Goi8nwv9Ud28QsnOg\"]}]}<\/script>\n<!-- \/ Yoast SEO plugin. -->","yoast_head_json":{"title":"Terminales en forma de tablet - Visualizaci\u00f3n din\u00e1mica | Cartelmatic","description":"Los terminales en formato de tablet son una soluci\u00f3n abordable para completar la atenci\u00f3n presencial.","robots":{"index":"index","follow":"follow","max-snippet":"max-snippet:-1","max-image-preview":"max-image-preview:large","max-video-preview":"max-video-preview:-1"},"canonical":"https:\/\/www.cartelmatic.com\/es\/nuestras-soluciones-de-visualizacion-dinamica\/elige-la-tablet-pro\/","og_locale":"es_ES","og_type":"article","og_title":"Terminales en forma de tablet - Visualizaci\u00f3n din\u00e1mica | Cartelmatic","og_description":"Los terminales en formato de tablet son una soluci\u00f3n abordable para completar la atenci\u00f3n presencial.","og_url":"https:\/\/www.cartelmatic.com\/es\/nuestras-soluciones-de-visualizacion-dinamica\/elige-la-tablet-pro\/","og_site_name":"Cartelmatic","article_publisher":"https:\/\/www.facebook.com\/pages\/Cartel-Matic\/290212320994482","article_modified_time":"2021-10-14T09:32:56+00:00","twitter_card":"summary_large_image","twitter_misc":{"Tiempo de lectura":"1 minuto"},"schema":{"@context":"https:\/\/schema.org","@graph":[{"@type":"WebPage","@id":"https:\/\/www.cartelmatic.com\/es\/nuestras-soluciones-de-visualizacion-dinamica\/elige-la-tablet-pro\/","url":"https:\/\/www.cartelmatic.com\/es\/nuestras-soluciones-de-visualizacion-dinamica\/elige-la-tablet-pro\/","name":"Terminales en forma de tablet - Visualizaci\u00f3n din\u00e1mica | Cartelmatic","isPartOf":{"@id":"https:\/\/www.cartelmatic.com\/es\/#website"},"datePublished":"2020-11-12T09:24:36+00:00","dateModified":"2021-10-14T09:32:56+00:00","description":"Los terminales en formato de tablet son una soluci\u00f3n abordable para completar la atenci\u00f3n presencial.","breadcrumb":{"@id":"https:\/\/www.cartelmatic.com\/es\/nuestras-soluciones-de-visualizacion-dinamica\/elige-la-tablet-pro\/#breadcrumb"},"inLanguage":"es","potentialAction":[{"@type":"ReadAction","target":["https:\/\/www.cartelmatic.com\/es\/nuestras-soluciones-de-visualizacion-dinamica\/elige-la-tablet-pro\/"]}]},{"@type":"BreadcrumbList","@id":"https:\/\/www.cartelmatic.com\/es\/nuestras-soluciones-de-visualizacion-dinamica\/elige-la-tablet-pro\/#breadcrumb","itemListElement":[{"@type":"ListItem","position":1,"name":"Home","item":"https:\/\/www.cartelmatic.com\/es\/"},{"@type":"ListItem","position":2,"name":"Nuestras soluciones de visualizaci\u00f3n din\u00e1mica","item":"https:\/\/www.cartelmatic.com\/es\/nos-solutions-daffichage-dynamique\/"},{"@type":"ListItem","position":3,"name":"Elige la tablet pro"}]},{"@type":"WebSite","@id":"https:\/\/www.cartelmatic.com\/es\/#website","url":"https:\/\/www.cartelmatic.com\/es\/","name":"Cartelmatic","description":"Solutions interactives","publisher":{"@id":"https:\/\/www.cartelmatic.com\/es\/#organization"},"potentialAction":[{"@type":"SearchAction","target":{"@type":"EntryPoint","urlTemplate":"https:\/\/www.cartelmatic.com\/es\/?s={search_term_string}"},"query-input":{"@type":"PropertyValueSpecification","valueRequired":true,"valueName":"search_term_string"}}],"inLanguage":"es"},{"@type":"Organization","@id":"https:\/\/www.cartelmatic.com\/es\/#organization","name":"Cartelmatic","url":"https:\/\/www.cartelmatic.com\/es\/","logo":{"@type":"ImageObject","inLanguage":"es","@id":"https:\/\/www.cartelmatic.com\/es\/#\/schema\/logo\/image\/","url":"https:\/\/www.cartelmatic.com\/wp-content\/uploads\/2020\/10\/CMJN-logo-noir.svg","contentUrl":"https:\/\/www.cartelmatic.com\/wp-content\/uploads\/2020\/10\/CMJN-logo-noir.svg","width":1,"height":1,"caption":"Cartelmatic"},"image":{"@id":"https:\/\/www.cartelmatic.com\/es\/#\/schema\/logo\/image\/"},"sameAs":["https:\/\/www.facebook.com\/pages\/Cartel-Matic\/290212320994482","https:\/\/www.linkedin.com\/company\/cartelmatic\/","https:\/\/www.instagram.com\/cartel_matic\/?hl=fr","https:\/\/www.youtube.com\/channel\/UCQ2wm7Goi8nwv9Ud28QsnOg"]}]}},"_links":{"self":[{"href":"https:\/\/www.cartelmatic.com\/es\/wp-json\/wp\/v2\/pages\/10312","targetHints":{"allow":["GET"]}}],"collection":[{"href":"https:\/\/www.cartelmatic.com\/es\/wp-json\/wp\/v2\/pages"}],"about":[{"href":"https:\/\/www.cartelmatic.com\/es\/wp-json\/wp\/v2\/types\/page"}],"author":[{"embeddable":true,"href":"https:\/\/www.cartelmatic.com\/es\/wp-json\/wp\/v2\/users\/1"}],"replies":[{"embeddable":true,"href":"https:\/\/www.cartelmatic.com\/es\/wp-json\/wp\/v2\/comments?post=10312"}],"version-history":[{"count":0,"href":"https:\/\/www.cartelmatic.com\/es\/wp-json\/wp\/v2\/pages\/10312\/revisions"}],"up":[{"embeddable":true,"href":"https:\/\/www.cartelmatic.com\/es\/wp-json\/wp\/v2\/pages\/10308"}],"wp:attachment":[{"href":"https:\/\/www.cartelmatic.com\/es\/wp-json\/wp\/v2\/media?parent=10312"}],"curies":[{"name":"wp","href":"https:\/\/api.w.org\/{rel}","templated":true}]}}