{"id":10308,"date":"2020-11-03T14:34:57","date_gmt":"2020-11-03T13:34:57","guid":{"rendered":"https:\/\/www.cartelmatic.com\/nos-solutions-daffichage-dynamique\/"},"modified":"2021-09-30T18:05:56","modified_gmt":"2021-09-30T16:05:56","slug":"nuestras-soluciones-de-visualizacion-dinamica","status":"publish","type":"page","link":"https:\/\/www.cartelmatic.com\/es\/nuestras-soluciones-de-visualizacion-dinamica\/","title":{"rendered":"Nuestras soluciones de visualizaci\u00f3n din\u00e1mica"},"content":{"rendered":"<h2>Descubre nuestro material de visualizaci\u00f3n din\u00e1mica<\/h2>\n<p>Somos expertos en visualizaci\u00f3n din\u00e1mica desde hace 30 a\u00f1os y <strong>realizamos los proyectos de digitalizaci\u00f3n de tus espacios de inicio a fin<\/strong>:<\/p>\n<ul>\n<li><strong>Fabricaci\u00f3n<\/strong> de terminales<\/li>\n<li><strong>Programa<\/strong> de dise\u00f1o personalizado<\/li>\n<li><strong>Interfaz<\/strong> con tus herramientas<\/li>\n<li><strong>Instalaci\u00f3n<\/strong> de visualizaci\u00f3n din\u00e1mica in situ<\/li>\n<\/ul>\n<p><strong>Descubre nuestros productos digitales #madeinfrance personalizados con tu imagen.<\/strong><\/p>\n","protected":false},"excerpt":{"rendered":"<p>Descubre nuestro material de visualizaci\u00f3n din\u00e1mica Somos expertos en visualizaci\u00f3n din\u00e1mica desde hace 30 a\u00f1os y realizamos los &#8230;<\/p>\n","protected":false},"author":1,"featured_media":0,"parent":0,"menu_order":0,"comment_status":"closed","ping_status":"closed","template":"nous-sommes.php","meta":{"_acf_changed":false,"footnotes":""},"class_list":["post-10308","page","type-page","status-publish","hentry"],"acf":[],"yoast_head":"<!-- This site is optimized with the Yoast SEO plugin v27.3 - https:\/\/yoast.com\/product\/yoast-seo-wordpress\/ -->\n<title>Nuestras soluciones de visualizaci\u00f3n din\u00e1mica | Cartelmatic<\/title>\n<meta name=\"description\" content=\"Somos expertos en visualizaci\u00f3n din\u00e1mica desde hace 30 a\u00f1os y realizamos los proyectos de digitalizaci\u00f3n de tus espacios de inicio a fin\" \/>\n<meta name=\"robots\" content=\"index, follow, max-snippet:-1, max-image-preview:large, max-video-preview:-1\" \/>\n<link rel=\"canonical\" href=\"https:\/\/www.cartelmatic.com\/es\/nuestras-soluciones-de-visualizacion-dinamica\/\" \/>\n<meta property=\"og:locale\" content=\"es_ES\" \/>\n<meta property=\"og:type\" content=\"article\" \/>\n<meta property=\"og:title\" content=\"Nuestras soluciones de visualizaci\u00f3n din\u00e1mica | Cartelmatic\" \/>\n<meta property=\"og:description\" content=\"Somos expertos en visualizaci\u00f3n din\u00e1mica desde hace 30 a\u00f1os y realizamos los proyectos de digitalizaci\u00f3n de tus espacios de inicio a fin\" \/>\n<meta property=\"og:url\" content=\"https:\/\/www.cartelmatic.com\/es\/nuestras-soluciones-de-visualizacion-dinamica\/\" \/>\n<meta property=\"og:site_name\" content=\"Cartelmatic\" \/>\n<meta property=\"article:publisher\" content=\"https:\/\/www.facebook.com\/pages\/Cartel-Matic\/290212320994482\" \/>\n<meta property=\"article:modified_time\" content=\"2021-09-30T16:05:56+00:00\" \/>\n<meta property=\"og:image\" content=\"https:\/\/www.cartelmatic.com\/wp-content\/uploads\/2020\/12\/MES-totem-vareo-min-scaled.jpg\" \/>\n\t<meta property=\"og:image:width\" content=\"2560\" \/>\n\t<meta property=\"og:image:height\" content=\"1707\" \/>\n\t<meta property=\"og:image:type\" content=\"image\/jpeg\" \/>\n<meta name=\"twitter:card\" content=\"summary_large_image\" \/>\n<meta name=\"twitter:label1\" content=\"Tiempo de lectura\" \/>\n\t<meta name=\"twitter:data1\" content=\"1 minuto\" \/>\n<script type=\"application\/ld+json\" class=\"yoast-schema-graph\">{\"@context\":\"https:\\\/\\\/schema.org\",\"@graph\":[{\"@type\":\"WebPage\",\"@id\":\"https:\\\/\\\/www.cartelmatic.com\\\/es\\\/nuestras-soluciones-de-visualizacion-dinamica\\\/\",\"url\":\"https:\\\/\\\/www.cartelmatic.com\\\/es\\\/nuestras-soluciones-de-visualizacion-dinamica\\\/\",\"name\":\"Nuestras soluciones de visualizaci\u00f3n din\u00e1mica | Cartelmatic\",\"isPartOf\":{\"@id\":\"https:\\\/\\\/www.cartelmatic.com\\\/es\\\/#website\"},\"datePublished\":\"2020-11-03T13:34:57+00:00\",\"dateModified\":\"2021-09-30T16:05:56+00:00\",\"description\":\"Somos expertos en visualizaci\u00f3n din\u00e1mica desde hace 30 a\u00f1os y realizamos los proyectos de digitalizaci\u00f3n de tus espacios de inicio a fin\",\"breadcrumb\":{\"@id\":\"https:\\\/\\\/www.cartelmatic.com\\\/es\\\/nuestras-soluciones-de-visualizacion-dinamica\\\/#breadcrumb\"},\"inLanguage\":\"es\",\"potentialAction\":[{\"@type\":\"ReadAction\",\"target\":[\"https:\\\/\\\/www.cartelmatic.com\\\/es\\\/nuestras-soluciones-de-visualizacion-dinamica\\\/\"]}]},{\"@type\":\"BreadcrumbList\",\"@id\":\"https:\\\/\\\/www.cartelmatic.com\\\/es\\\/nuestras-soluciones-de-visualizacion-dinamica\\\/#breadcrumb\",\"itemListElement\":[{\"@type\":\"ListItem\",\"position\":1,\"name\":\"Home\",\"item\":\"https:\\\/\\\/www.cartelmatic.com\\\/es\\\/\"},{\"@type\":\"ListItem\",\"position\":2,\"name\":\"Nuestras soluciones de visualizaci\u00f3n din\u00e1mica\"}]},{\"@type\":\"WebSite\",\"@id\":\"https:\\\/\\\/www.cartelmatic.com\\\/es\\\/#website\",\"url\":\"https:\\\/\\\/www.cartelmatic.com\\\/es\\\/\",\"name\":\"Cartelmatic\",\"description\":\"Solutions interactives\",\"publisher\":{\"@id\":\"https:\\\/\\\/www.cartelmatic.com\\\/es\\\/#organization\"},\"potentialAction\":[{\"@type\":\"SearchAction\",\"target\":{\"@type\":\"EntryPoint\",\"urlTemplate\":\"https:\\\/\\\/www.cartelmatic.com\\\/es\\\/?s={search_term_string}\"},\"query-input\":{\"@type\":\"PropertyValueSpecification\",\"valueRequired\":true,\"valueName\":\"search_term_string\"}}],\"inLanguage\":\"es\"},{\"@type\":\"Organization\",\"@id\":\"https:\\\/\\\/www.cartelmatic.com\\\/es\\\/#organization\",\"name\":\"Cartelmatic\",\"url\":\"https:\\\/\\\/www.cartelmatic.com\\\/es\\\/\",\"logo\":{\"@type\":\"ImageObject\",\"inLanguage\":\"es\",\"@id\":\"https:\\\/\\\/www.cartelmatic.com\\\/es\\\/#\\\/schema\\\/logo\\\/image\\\/\",\"url\":\"https:\\\/\\\/www.cartelmatic.com\\\/wp-content\\\/uploads\\\/2020\\\/10\\\/CMJN-logo-noir.svg\",\"contentUrl\":\"https:\\\/\\\/www.cartelmatic.com\\\/wp-content\\\/uploads\\\/2020\\\/10\\\/CMJN-logo-noir.svg\",\"width\":1,\"height\":1,\"caption\":\"Cartelmatic\"},\"image\":{\"@id\":\"https:\\\/\\\/www.cartelmatic.com\\\/es\\\/#\\\/schema\\\/logo\\\/image\\\/\"},\"sameAs\":[\"https:\\\/\\\/www.facebook.com\\\/pages\\\/Cartel-Matic\\\/290212320994482\",\"https:\\\/\\\/www.linkedin.com\\\/company\\\/cartelmatic\\\/\",\"https:\\\/\\\/www.instagram.com\\\/cartel_matic\\\/?hl=fr\",\"https:\\\/\\\/www.youtube.com\\\/channel\\\/UCQ2wm7Goi8nwv9Ud28QsnOg\"]}]}<\/script>\n<!-- \/ Yoast SEO plugin. -->","yoast_head_json":{"title":"Nuestras soluciones de visualizaci\u00f3n din\u00e1mica | Cartelmatic","description":"Somos expertos en visualizaci\u00f3n din\u00e1mica desde hace 30 a\u00f1os y realizamos los proyectos de digitalizaci\u00f3n de tus espacios de inicio a fin","robots":{"index":"index","follow":"follow","max-snippet":"max-snippet:-1","max-image-preview":"max-image-preview:large","max-video-preview":"max-video-preview:-1"},"canonical":"https:\/\/www.cartelmatic.com\/es\/nuestras-soluciones-de-visualizacion-dinamica\/","og_locale":"es_ES","og_type":"article","og_title":"Nuestras soluciones de visualizaci\u00f3n din\u00e1mica | Cartelmatic","og_description":"Somos expertos en visualizaci\u00f3n din\u00e1mica desde hace 30 a\u00f1os y realizamos los proyectos de digitalizaci\u00f3n de tus espacios de inicio a fin","og_url":"https:\/\/www.cartelmatic.com\/es\/nuestras-soluciones-de-visualizacion-dinamica\/","og_site_name":"Cartelmatic","article_publisher":"https:\/\/www.facebook.com\/pages\/Cartel-Matic\/290212320994482","article_modified_time":"2021-09-30T16:05:56+00:00","og_image":[{"width":2560,"height":1707,"url":"https:\/\/www.cartelmatic.com\/wp-content\/uploads\/2020\/12\/MES-totem-vareo-min-scaled.jpg","type":"image\/jpeg"}],"twitter_card":"summary_large_image","twitter_misc":{"Tiempo de lectura":"1 minuto"},"schema":{"@context":"https:\/\/schema.org","@graph":[{"@type":"WebPage","@id":"https:\/\/www.cartelmatic.com\/es\/nuestras-soluciones-de-visualizacion-dinamica\/","url":"https:\/\/www.cartelmatic.com\/es\/nuestras-soluciones-de-visualizacion-dinamica\/","name":"Nuestras soluciones de visualizaci\u00f3n din\u00e1mica | Cartelmatic","isPartOf":{"@id":"https:\/\/www.cartelmatic.com\/es\/#website"},"datePublished":"2020-11-03T13:34:57+00:00","dateModified":"2021-09-30T16:05:56+00:00","description":"Somos expertos en visualizaci\u00f3n din\u00e1mica desde hace 30 a\u00f1os y realizamos los proyectos de digitalizaci\u00f3n de tus espacios de inicio a fin","breadcrumb":{"@id":"https:\/\/www.cartelmatic.com\/es\/nuestras-soluciones-de-visualizacion-dinamica\/#breadcrumb"},"inLanguage":"es","potentialAction":[{"@type":"ReadAction","target":["https:\/\/www.cartelmatic.com\/es\/nuestras-soluciones-de-visualizacion-dinamica\/"]}]},{"@type":"BreadcrumbList","@id":"https:\/\/www.cartelmatic.com\/es\/nuestras-soluciones-de-visualizacion-dinamica\/#breadcrumb","itemListElement":[{"@type":"ListItem","position":1,"name":"Home","item":"https:\/\/www.cartelmatic.com\/es\/"},{"@type":"ListItem","position":2,"name":"Nuestras soluciones de visualizaci\u00f3n din\u00e1mica"}]},{"@type":"WebSite","@id":"https:\/\/www.cartelmatic.com\/es\/#website","url":"https:\/\/www.cartelmatic.com\/es\/","name":"Cartelmatic","description":"Solutions interactives","publisher":{"@id":"https:\/\/www.cartelmatic.com\/es\/#organization"},"potentialAction":[{"@type":"SearchAction","target":{"@type":"EntryPoint","urlTemplate":"https:\/\/www.cartelmatic.com\/es\/?s={search_term_string}"},"query-input":{"@type":"PropertyValueSpecification","valueRequired":true,"valueName":"search_term_string"}}],"inLanguage":"es"},{"@type":"Organization","@id":"https:\/\/www.cartelmatic.com\/es\/#organization","name":"Cartelmatic","url":"https:\/\/www.cartelmatic.com\/es\/","logo":{"@type":"ImageObject","inLanguage":"es","@id":"https:\/\/www.cartelmatic.com\/es\/#\/schema\/logo\/image\/","url":"https:\/\/www.cartelmatic.com\/wp-content\/uploads\/2020\/10\/CMJN-logo-noir.svg","contentUrl":"https:\/\/www.cartelmatic.com\/wp-content\/uploads\/2020\/10\/CMJN-logo-noir.svg","width":1,"height":1,"caption":"Cartelmatic"},"image":{"@id":"https:\/\/www.cartelmatic.com\/es\/#\/schema\/logo\/image\/"},"sameAs":["https:\/\/www.facebook.com\/pages\/Cartel-Matic\/290212320994482","https:\/\/www.linkedin.com\/company\/cartelmatic\/","https:\/\/www.instagram.com\/cartel_matic\/?hl=fr","https:\/\/www.youtube.com\/channel\/UCQ2wm7Goi8nwv9Ud28QsnOg"]}]}},"_links":{"self":[{"href":"https:\/\/www.cartelmatic.com\/es\/wp-json\/wp\/v2\/pages\/10308","targetHints":{"allow":["GET"]}}],"collection":[{"href":"https:\/\/www.cartelmatic.com\/es\/wp-json\/wp\/v2\/pages"}],"about":[{"href":"https:\/\/www.cartelmatic.com\/es\/wp-json\/wp\/v2\/types\/page"}],"author":[{"embeddable":true,"href":"https:\/\/www.cartelmatic.com\/es\/wp-json\/wp\/v2\/users\/1"}],"replies":[{"embeddable":true,"href":"https:\/\/www.cartelmatic.com\/es\/wp-json\/wp\/v2\/comments?post=10308"}],"version-history":[{"count":0,"href":"https:\/\/www.cartelmatic.com\/es\/wp-json\/wp\/v2\/pages\/10308\/revisions"}],"wp:attachment":[{"href":"https:\/\/www.cartelmatic.com\/es\/wp-json\/wp\/v2\/media?parent=10308"}],"curies":[{"name":"wp","href":"https:\/\/api.w.org\/{rel}","templated":true}]}}