{"id":10304,"date":"2021-02-04T11:20:29","date_gmt":"2021-02-04T10:20:29","guid":{"rendered":"https:\/\/www.cartelmatic.com\/mentions-legales\/"},"modified":"2021-05-03T14:20:45","modified_gmt":"2021-05-03T12:20:45","slug":"mentions-legales","status":"publish","type":"page","link":"https:\/\/www.cartelmatic.com\/es\/mentions-legales\/","title":{"rendered":"Mentions l\u00e9gales"},"content":{"rendered":"<h2>SI\u00c8GE SOCIAL<\/h2>\n<p><strong>CARTELMATIC<\/strong><br \/>\n<strong>40 rue du Bignon \u2013 35135 Chantepie<\/strong><br \/>\nT\u00e9l. (+33) 2 99 12 72 12<br \/>\nFax 02 99 12 72 13<br \/>\nContact Email :\u00a0<a href=\"mailto:cartelmatic@cartelmatic.com\"><strong>cartelmatic@cartelmatic.com<\/strong><\/a><br \/>\nCARTEL, SAS au capital de 40 000,00 \u20acuros, immatricul\u00e9e au R.C.S. de Rennes sous le num\u00e9ro B 379 910 870<br \/>\nDirecteur de la publication : Philippe LE BERRE<br \/>\nCr\u00e9dits photos : CARTELMATIC<\/p>\n<h2>AGENCE WEB<\/h2>\n<p>Site internet con\u00e7u, r\u00e9alis\u00e9 et d\u00e9velopp\u00e9 par Cartelmatic.<\/p>\n<h2>H\u00c9BERGEUR<\/h2>\n<p>OVH<br \/>\n140 Quai du Sartel \u2013 59100 Roubaix<br \/>\nT\u00e9l. 0 899 701 761 \u2013 Fax. +33 3 20 20 09 58<br \/>\ndirection@ovh.fr<\/p>\n<p>Conform\u00e9ment \u00e0 l\u2019article 15 de la loi n\u00b078-17 du 6 janvier 1978 relative \u00e0 l\u2019informatique, aux fichiers et aux libert\u00e9s, le site est conforme aux exigences de la Commission Nationale de l\u2019Informatique et des Libert\u00e9s. L\u2019utilisateur d\u00e9clare avoir pris connaissance des informations ci-dessus avant la visite du site. En choisissant d\u2019acc\u00e9der au site l\u2019utilisateur accepte, express\u00e9ment et irr\u00e9vocablement, les termes ci-apr\u00e8s.<\/p>\n<h3>INFORMATIQUE ET LIBERT\u00c9S<\/h3>\n<p>Conform\u00e9ment \u00e0 la loi fran\u00e7aise du 6 janvier 1978 relative \u00e0 l\u2019informatique, aux fichiers et aux libert\u00e9s, modifi\u00e9e par la loi relative \u00e0 la protection des personnes physiques \u00e0 l\u2019\u00e9gard des traitements de donn\u00e9es \u00e0 caract\u00e8re personnel du 6 ao\u00fbt 2004, vous disposez d\u2019un droit d\u2019acc\u00e8s, de modification, de rectification et de suppression des donn\u00e9es qui vous concerne, en vous adressant \u00e0 CARTELMATIC soit par courrier (adresse figurant ci-dessus), soit par email.<\/p>\n<h3>COOKIES<\/h3>\n<p>Nous vous informons qu\u2019en naviguant sur notre site internet, certains cookies li\u00e9s aux r\u00e9seaux sociaux (boutons de partage) et \u00e0 certaines mesures d\u2019audience peuvent \u00eatre d\u00e9pos\u00e9s sur les navigateurs de votre ordinateur. Les cookies li\u00e9s aux mesures d\u2019audience (Google Analytics) nous permettent de conna\u00eetre les performances de notre site, d\u2019\u00e9tablir des statistiques, des volumes de fr\u00e9quentation et d\u2019utilisation des divers \u00e9l\u00e9ments de notre site. Les liens de partage vers les r\u00e9seaux sociaux permettent de relier les contenus consult\u00e9s \u00e0 votre compte utilisateur. Ces diff\u00e9rents cookies contiennent diverses informations telles que le nom du serveur qui les a d\u00e9pos\u00e9s, un identifiant sous forme de num\u00e9ro unique et une date d\u2019expiration. Ces informations sont stock\u00e9es sur votre terminal dans un simple fichier texte. Conform\u00e9ment \u00e0 la recommandation de la CNIL du 5 d\u00e9cembre 2013, vous avez la possibilit\u00e9 d\u2019accepter ou au contraire de refuser ces cookies. La plupart des navigateurs sont param\u00e9tr\u00e9s par d\u00e9faut et acceptent l\u2019installation de Cookies. Cependant, l\u2019utilisateur a la possibilit\u00e9, s\u2019il le souhaite, de d\u00e9sactiver l\u2019utilisation de cookies en s\u00e9lectionnant les param\u00e8tres appropri\u00e9s de son navigateur. En fonction des navigateurs utilis\u00e9s la proc\u00e9dure peut \u00eatre diff\u00e9rente. L\u2019attention de l\u2019utilisateur est attir\u00e9e sur le fait qu\u2019en param\u00e9trant son navigateur pour refuser les cookies, certaines fonctionnalit\u00e9, page, espace du site ne seront pas accessibles.<\/p>\n<h3>RESPONSABILIT\u00c9S<\/h3>\n<p>La soci\u00e9t\u00e9 d\u00e9cline toute responsabilit\u00e9 quant au contenu des sites propos\u00e9s en liens. Quelque soit le type de lien \u00e9tabli \u00e0 partir d\u2019un site Internet ext\u00e9rieur, dit \u00ab\u00a0site liant\u00a0\u00bb, vers celui de CARTELMATIC , cette derni\u00e8re se r\u00e9serve le droit de s\u2019opposer \u00e0 son \u00e9tablissement.<\/p>\n<p>Les informations sur ce site sont fournies \u00a0\u00bb telles quelles \u00a0\u00bb sans aucune garantie, explicite ou implicite, relative \u00e0 l\u2019utilisation de la pr\u00e9sente publication.<br \/>\nLes informations sur ce site peuvent inclure des inexactitudes ou des erreurs. CARTELMATIC se r\u00e9serve le droit d\u2019apporter des modifications, des am\u00e9liorations et des changements sur les produits et les programmes d\u00e9crits sur son site \u00e0 tout moment et sans le notifier.<\/p>\n<h3>DROITS D\u2019AUTEUR<\/h3>\n<p>Les photographies, textes, slogans, dessins, images, vid\u00e9os int\u00e9gr\u00e9s au site sont la propri\u00e9t\u00e9 de CARTELMATIC ou de tiers ayant autoris\u00e9 CARTELMATIC \u00e0 les utiliser.<\/p>\n<p>Les logos, ic\u00f4nes et puces graphiques repr\u00e9sent\u00e9s sur le site sont prot\u00e9g\u00e9s au titre des droits d\u2019auteur et des articles L.511.1 et suivants du Code de la Propri\u00e9t\u00e9 Intellectuelle relatifs \u00e0 la protection des mod\u00e8les d\u00e9pos\u00e9s.<\/p>\n<p>Les reproductions, sur un support papier ou informatique, dudit site et des \u0153uvres qui y sont reproduits sont autoris\u00e9es sous r\u00e9serve qu\u2019elles soient strictement r\u00e9serv\u00e9es \u00e0 un usage personnel excluent tout usage \u00e0 des fins publicitaires et\/ou commerciales, et\/ou d\u2019information et\/ou qu\u2019elles soient conformes aux dispositions de l\u2019article L.122-5 du Code de la Propri\u00e9t\u00e9 Intellectuelle.<\/p>\n<p>\u00c0 l\u2019exception des dispositions ci-dessus, toute reproduction, repr\u00e9sentation, utilisation ou modification, par quelque proc\u00e9d\u00e9 que ce soit et sur quelque support que ce soit, de tout ou partie du site, de tout ou partie des diff\u00e9rentes \u0153uvres qui le composent, sans avoir obtenu l\u2019autorisation pr\u00e9alable de CARTELMATIC est strictement interdite et constitue un d\u00e9lit de contrefa\u00e7on et peut donner suite \u00e0 des poursuites judiciaires civiles et\/ou p\u00e9nales et au paiement de dommages et int\u00e9r\u00eats.<\/p>\n","protected":false},"excerpt":{"rendered":"<p>SI\u00c8GE SOCIAL CARTELMATIC 40 rue du Bignon \u2013 35135 Chantepie T\u00e9l. (+33) 2 99 12 72 12 Fax &#8230;<\/p>\n","protected":false},"author":1,"featured_media":0,"parent":0,"menu_order":0,"comment_status":"closed","ping_status":"closed","template":"","meta":{"_acf_changed":false,"footnotes":""},"class_list":["post-10304","page","type-page","status-publish","hentry"],"acf":[],"yoast_head":"<!-- This site is optimized with the Yoast SEO plugin v27.3 - https:\/\/yoast.com\/product\/yoast-seo-wordpress\/ -->\n<title>Mentions l\u00e9gales -<\/title>\n<meta name=\"robots\" content=\"index, follow, max-snippet:-1, max-image-preview:large, max-video-preview:-1\" \/>\n<link rel=\"canonical\" href=\"https:\/\/www.cartelmatic.com\/es\/mentions-legales\/\" \/>\n<meta property=\"og:locale\" content=\"es_ES\" \/>\n<meta property=\"og:type\" content=\"article\" \/>\n<meta property=\"og:title\" content=\"Mentions l\u00e9gales -\" \/>\n<meta property=\"og:description\" content=\"SI\u00c8GE SOCIAL CARTELMATIC 40 rue du Bignon \u2013 35135 Chantepie T\u00e9l. (+33) 2 99 12 72 12 Fax ...\" \/>\n<meta property=\"og:url\" content=\"https:\/\/www.cartelmatic.com\/es\/mentions-legales\/\" \/>\n<meta property=\"og:site_name\" content=\"Cartelmatic\" \/>\n<meta property=\"article:publisher\" content=\"https:\/\/www.facebook.com\/pages\/Cartel-Matic\/290212320994482\" \/>\n<meta property=\"article:modified_time\" content=\"2021-05-03T12:20:45+00:00\" \/>\n<meta name=\"twitter:card\" content=\"summary_large_image\" \/>\n<meta name=\"twitter:label1\" content=\"Tiempo de lectura\" \/>\n\t<meta name=\"twitter:data1\" content=\"4 minutos\" \/>\n<script type=\"application\/ld+json\" class=\"yoast-schema-graph\">{\"@context\":\"https:\\\/\\\/schema.org\",\"@graph\":[{\"@type\":\"WebPage\",\"@id\":\"https:\\\/\\\/www.cartelmatic.com\\\/es\\\/mentions-legales\\\/\",\"url\":\"https:\\\/\\\/www.cartelmatic.com\\\/es\\\/mentions-legales\\\/\",\"name\":\"Mentions l\u00e9gales -\",\"isPartOf\":{\"@id\":\"https:\\\/\\\/www.cartelmatic.com\\\/es\\\/#website\"},\"datePublished\":\"2021-02-04T10:20:29+00:00\",\"dateModified\":\"2021-05-03T12:20:45+00:00\",\"breadcrumb\":{\"@id\":\"https:\\\/\\\/www.cartelmatic.com\\\/es\\\/mentions-legales\\\/#breadcrumb\"},\"inLanguage\":\"es\",\"potentialAction\":[{\"@type\":\"ReadAction\",\"target\":[\"https:\\\/\\\/www.cartelmatic.com\\\/es\\\/mentions-legales\\\/\"]}]},{\"@type\":\"BreadcrumbList\",\"@id\":\"https:\\\/\\\/www.cartelmatic.com\\\/es\\\/mentions-legales\\\/#breadcrumb\",\"itemListElement\":[{\"@type\":\"ListItem\",\"position\":1,\"name\":\"Home\",\"item\":\"https:\\\/\\\/www.cartelmatic.com\\\/es\\\/\"},{\"@type\":\"ListItem\",\"position\":2,\"name\":\"Mentions l\u00e9gales\"}]},{\"@type\":\"WebSite\",\"@id\":\"https:\\\/\\\/www.cartelmatic.com\\\/es\\\/#website\",\"url\":\"https:\\\/\\\/www.cartelmatic.com\\\/es\\\/\",\"name\":\"Cartelmatic\",\"description\":\"Solutions interactives\",\"publisher\":{\"@id\":\"https:\\\/\\\/www.cartelmatic.com\\\/es\\\/#organization\"},\"potentialAction\":[{\"@type\":\"SearchAction\",\"target\":{\"@type\":\"EntryPoint\",\"urlTemplate\":\"https:\\\/\\\/www.cartelmatic.com\\\/es\\\/?s={search_term_string}\"},\"query-input\":{\"@type\":\"PropertyValueSpecification\",\"valueRequired\":true,\"valueName\":\"search_term_string\"}}],\"inLanguage\":\"es\"},{\"@type\":\"Organization\",\"@id\":\"https:\\\/\\\/www.cartelmatic.com\\\/es\\\/#organization\",\"name\":\"Cartelmatic\",\"url\":\"https:\\\/\\\/www.cartelmatic.com\\\/es\\\/\",\"logo\":{\"@type\":\"ImageObject\",\"inLanguage\":\"es\",\"@id\":\"https:\\\/\\\/www.cartelmatic.com\\\/es\\\/#\\\/schema\\\/logo\\\/image\\\/\",\"url\":\"https:\\\/\\\/www.cartelmatic.com\\\/wp-content\\\/uploads\\\/2020\\\/10\\\/CMJN-logo-noir.svg\",\"contentUrl\":\"https:\\\/\\\/www.cartelmatic.com\\\/wp-content\\\/uploads\\\/2020\\\/10\\\/CMJN-logo-noir.svg\",\"width\":1,\"height\":1,\"caption\":\"Cartelmatic\"},\"image\":{\"@id\":\"https:\\\/\\\/www.cartelmatic.com\\\/es\\\/#\\\/schema\\\/logo\\\/image\\\/\"},\"sameAs\":[\"https:\\\/\\\/www.facebook.com\\\/pages\\\/Cartel-Matic\\\/290212320994482\",\"https:\\\/\\\/www.linkedin.com\\\/company\\\/cartelmatic\\\/\",\"https:\\\/\\\/www.instagram.com\\\/cartel_matic\\\/?hl=fr\",\"https:\\\/\\\/www.youtube.com\\\/channel\\\/UCQ2wm7Goi8nwv9Ud28QsnOg\"]}]}<\/script>\n<!-- \/ Yoast SEO plugin. -->","yoast_head_json":{"title":"Mentions l\u00e9gales -","robots":{"index":"index","follow":"follow","max-snippet":"max-snippet:-1","max-image-preview":"max-image-preview:large","max-video-preview":"max-video-preview:-1"},"canonical":"https:\/\/www.cartelmatic.com\/es\/mentions-legales\/","og_locale":"es_ES","og_type":"article","og_title":"Mentions l\u00e9gales -","og_description":"SI\u00c8GE SOCIAL CARTELMATIC 40 rue du Bignon \u2013 35135 Chantepie T\u00e9l. (+33) 2 99 12 72 12 Fax ...","og_url":"https:\/\/www.cartelmatic.com\/es\/mentions-legales\/","og_site_name":"Cartelmatic","article_publisher":"https:\/\/www.facebook.com\/pages\/Cartel-Matic\/290212320994482","article_modified_time":"2021-05-03T12:20:45+00:00","twitter_card":"summary_large_image","twitter_misc":{"Tiempo de lectura":"4 minutos"},"schema":{"@context":"https:\/\/schema.org","@graph":[{"@type":"WebPage","@id":"https:\/\/www.cartelmatic.com\/es\/mentions-legales\/","url":"https:\/\/www.cartelmatic.com\/es\/mentions-legales\/","name":"Mentions l\u00e9gales -","isPartOf":{"@id":"https:\/\/www.cartelmatic.com\/es\/#website"},"datePublished":"2021-02-04T10:20:29+00:00","dateModified":"2021-05-03T12:20:45+00:00","breadcrumb":{"@id":"https:\/\/www.cartelmatic.com\/es\/mentions-legales\/#breadcrumb"},"inLanguage":"es","potentialAction":[{"@type":"ReadAction","target":["https:\/\/www.cartelmatic.com\/es\/mentions-legales\/"]}]},{"@type":"BreadcrumbList","@id":"https:\/\/www.cartelmatic.com\/es\/mentions-legales\/#breadcrumb","itemListElement":[{"@type":"ListItem","position":1,"name":"Home","item":"https:\/\/www.cartelmatic.com\/es\/"},{"@type":"ListItem","position":2,"name":"Mentions l\u00e9gales"}]},{"@type":"WebSite","@id":"https:\/\/www.cartelmatic.com\/es\/#website","url":"https:\/\/www.cartelmatic.com\/es\/","name":"Cartelmatic","description":"Solutions interactives","publisher":{"@id":"https:\/\/www.cartelmatic.com\/es\/#organization"},"potentialAction":[{"@type":"SearchAction","target":{"@type":"EntryPoint","urlTemplate":"https:\/\/www.cartelmatic.com\/es\/?s={search_term_string}"},"query-input":{"@type":"PropertyValueSpecification","valueRequired":true,"valueName":"search_term_string"}}],"inLanguage":"es"},{"@type":"Organization","@id":"https:\/\/www.cartelmatic.com\/es\/#organization","name":"Cartelmatic","url":"https:\/\/www.cartelmatic.com\/es\/","logo":{"@type":"ImageObject","inLanguage":"es","@id":"https:\/\/www.cartelmatic.com\/es\/#\/schema\/logo\/image\/","url":"https:\/\/www.cartelmatic.com\/wp-content\/uploads\/2020\/10\/CMJN-logo-noir.svg","contentUrl":"https:\/\/www.cartelmatic.com\/wp-content\/uploads\/2020\/10\/CMJN-logo-noir.svg","width":1,"height":1,"caption":"Cartelmatic"},"image":{"@id":"https:\/\/www.cartelmatic.com\/es\/#\/schema\/logo\/image\/"},"sameAs":["https:\/\/www.facebook.com\/pages\/Cartel-Matic\/290212320994482","https:\/\/www.linkedin.com\/company\/cartelmatic\/","https:\/\/www.instagram.com\/cartel_matic\/?hl=fr","https:\/\/www.youtube.com\/channel\/UCQ2wm7Goi8nwv9Ud28QsnOg"]}]}},"_links":{"self":[{"href":"https:\/\/www.cartelmatic.com\/es\/wp-json\/wp\/v2\/pages\/10304","targetHints":{"allow":["GET"]}}],"collection":[{"href":"https:\/\/www.cartelmatic.com\/es\/wp-json\/wp\/v2\/pages"}],"about":[{"href":"https:\/\/www.cartelmatic.com\/es\/wp-json\/wp\/v2\/types\/page"}],"author":[{"embeddable":true,"href":"https:\/\/www.cartelmatic.com\/es\/wp-json\/wp\/v2\/users\/1"}],"replies":[{"embeddable":true,"href":"https:\/\/www.cartelmatic.com\/es\/wp-json\/wp\/v2\/comments?post=10304"}],"version-history":[{"count":0,"href":"https:\/\/www.cartelmatic.com\/es\/wp-json\/wp\/v2\/pages\/10304\/revisions"}],"wp:attachment":[{"href":"https:\/\/www.cartelmatic.com\/es\/wp-json\/wp\/v2\/media?parent=10304"}],"curies":[{"name":"wp","href":"https:\/\/api.w.org\/{rel}","templated":true}]}}