{"id":10331,"date":"2020-11-12T10:56:07","date_gmt":"2020-11-12T09:56:07","guid":{"rendered":"https:\/\/www.cartelmatic.com\/nous-rejoindre\/"},"modified":"2021-10-18T17:57:31","modified_gmt":"2021-10-18T15:57:31","slug":"join-us","status":"publish","type":"page","link":"https:\/\/www.cartelmatic.com\/en\/join-us\/","title":{"rendered":"Join us"},"content":{"rendered":"<h2>Rejoignez la team !<\/h2>\n<p><strong>Retrouvez ici nos offres d\u2019emploi<\/strong>. Envoyez-nous votre candidature et rejoignez notre \u00e9quipe de passionn\u00e9s !<\/p>\n<p>Si aucune de ces offres ne vous convient mais que vous avez -tr\u00e8s tr\u00e8s- envie de faire partie de l\u2019aventure alors envoyez-nous votre cv et lettre de motivation via notre formulaire de <a href=\"https:\/\/www.cartelmatic.com\/contact-cartelmatic\/\">contact<\/a> \ud83d\ude42<\/p>\n","protected":false},"excerpt":{"rendered":"<p>Rejoignez la team ! Retrouvez ici nos offres d\u2019emploi. Envoyez-nous votre candidature et rejoignez notre \u00e9quipe de passionn\u00e9s &#8230;<\/p>\n","protected":false},"author":1,"featured_media":0,"parent":0,"menu_order":0,"comment_status":"closed","ping_status":"closed","template":"nous-rejoindre.php","meta":{"_acf_changed":false,"footnotes":""},"class_list":["post-10331","page","type-page","status-publish","hentry"],"acf":[],"yoast_head":"<!-- This site is optimized with the Yoast SEO plugin v27.5 - https:\/\/yoast.com\/product\/yoast-seo-wordpress\/ -->\n<title>Rejoignez la team ! | Cartelmatic<\/title>\n<meta name=\"description\" content=\"Envoyez-nous votre candidature \u00e0 nos offres d&#039;emploi ou envoyez-nous votre cv + lettre de motivation via notre formulaire de contact et rejoignez notre \u00e9quipe de passionn\u00e9s \ud83d\ude42\" \/>\n<meta name=\"robots\" content=\"index, follow, max-snippet:-1, max-image-preview:large, max-video-preview:-1\" \/>\n<link rel=\"canonical\" href=\"https:\/\/www.cartelmatic.com\/en\/join-us\/\" \/>\n<meta property=\"og:locale\" content=\"en_US\" \/>\n<meta property=\"og:type\" content=\"article\" \/>\n<meta property=\"og:title\" content=\"Rejoignez la team ! | Cartelmatic\" \/>\n<meta property=\"og:description\" content=\"Envoyez-nous votre candidature \u00e0 nos offres d&#039;emploi ou envoyez-nous votre cv + lettre de motivation via notre formulaire de contact et rejoignez notre \u00e9quipe de passionn\u00e9s \ud83d\ude42\" \/>\n<meta property=\"og:url\" content=\"https:\/\/www.cartelmatic.com\/en\/join-us\/\" \/>\n<meta property=\"og:site_name\" content=\"Cartelmatic\" \/>\n<meta property=\"article:publisher\" content=\"https:\/\/www.facebook.com\/pages\/Cartel-Matic\/290212320994482\" \/>\n<meta property=\"article:modified_time\" content=\"2021-10-18T15:57:31+00:00\" \/>\n<meta name=\"twitter:card\" content=\"summary_large_image\" \/>\n<script type=\"application\/ld+json\" class=\"yoast-schema-graph\">{\"@context\":\"https:\\\/\\\/schema.org\",\"@graph\":[{\"@type\":\"WebPage\",\"@id\":\"https:\\\/\\\/www.cartelmatic.com\\\/en\\\/join-us\\\/\",\"url\":\"https:\\\/\\\/www.cartelmatic.com\\\/en\\\/join-us\\\/\",\"name\":\"Rejoignez la team ! | Cartelmatic\",\"isPartOf\":{\"@id\":\"https:\\\/\\\/www.cartelmatic.com\\\/en\\\/#website\"},\"datePublished\":\"2020-11-12T09:56:07+00:00\",\"dateModified\":\"2021-10-18T15:57:31+00:00\",\"description\":\"Envoyez-nous votre candidature \u00e0 nos offres d'emploi ou envoyez-nous votre cv + lettre de motivation via notre formulaire de contact et rejoignez notre \u00e9quipe de passionn\u00e9s \ud83d\ude42\",\"breadcrumb\":{\"@id\":\"https:\\\/\\\/www.cartelmatic.com\\\/en\\\/join-us\\\/#breadcrumb\"},\"inLanguage\":\"en-US\",\"potentialAction\":[{\"@type\":\"ReadAction\",\"target\":[\"https:\\\/\\\/www.cartelmatic.com\\\/en\\\/join-us\\\/\"]}]},{\"@type\":\"BreadcrumbList\",\"@id\":\"https:\\\/\\\/www.cartelmatic.com\\\/en\\\/join-us\\\/#breadcrumb\",\"itemListElement\":[{\"@type\":\"ListItem\",\"position\":1,\"name\":\"Home\",\"item\":\"https:\\\/\\\/www.cartelmatic.com\\\/en\\\/\"},{\"@type\":\"ListItem\",\"position\":2,\"name\":\"Join us\"}]},{\"@type\":\"WebSite\",\"@id\":\"https:\\\/\\\/www.cartelmatic.com\\\/en\\\/#website\",\"url\":\"https:\\\/\\\/www.cartelmatic.com\\\/en\\\/\",\"name\":\"Cartelmatic\",\"description\":\"Solutions interactives\",\"publisher\":{\"@id\":\"https:\\\/\\\/www.cartelmatic.com\\\/en\\\/#organization\"},\"potentialAction\":[{\"@type\":\"SearchAction\",\"target\":{\"@type\":\"EntryPoint\",\"urlTemplate\":\"https:\\\/\\\/www.cartelmatic.com\\\/en\\\/?s={search_term_string}\"},\"query-input\":{\"@type\":\"PropertyValueSpecification\",\"valueRequired\":true,\"valueName\":\"search_term_string\"}}],\"inLanguage\":\"en-US\"},{\"@type\":\"Organization\",\"@id\":\"https:\\\/\\\/www.cartelmatic.com\\\/en\\\/#organization\",\"name\":\"Cartelmatic\",\"url\":\"https:\\\/\\\/www.cartelmatic.com\\\/en\\\/\",\"logo\":{\"@type\":\"ImageObject\",\"inLanguage\":\"en-US\",\"@id\":\"https:\\\/\\\/www.cartelmatic.com\\\/en\\\/#\\\/schema\\\/logo\\\/image\\\/\",\"url\":\"https:\\\/\\\/www.cartelmatic.com\\\/wp-content\\\/uploads\\\/2020\\\/10\\\/CMJN-logo-noir.svg\",\"contentUrl\":\"https:\\\/\\\/www.cartelmatic.com\\\/wp-content\\\/uploads\\\/2020\\\/10\\\/CMJN-logo-noir.svg\",\"width\":1,\"height\":1,\"caption\":\"Cartelmatic\"},\"image\":{\"@id\":\"https:\\\/\\\/www.cartelmatic.com\\\/en\\\/#\\\/schema\\\/logo\\\/image\\\/\"},\"sameAs\":[\"https:\\\/\\\/www.facebook.com\\\/pages\\\/Cartel-Matic\\\/290212320994482\",\"https:\\\/\\\/www.linkedin.com\\\/company\\\/cartelmatic\\\/\",\"https:\\\/\\\/www.instagram.com\\\/cartel_matic\\\/?hl=fr\",\"https:\\\/\\\/www.youtube.com\\\/channel\\\/UCQ2wm7Goi8nwv9Ud28QsnOg\"]}]}<\/script>\n<!-- \/ Yoast SEO plugin. -->","yoast_head_json":{"title":"Rejoignez la team ! | Cartelmatic","description":"Envoyez-nous votre candidature \u00e0 nos offres d'emploi ou envoyez-nous votre cv + lettre de motivation via notre formulaire de contact et rejoignez notre \u00e9quipe de passionn\u00e9s \ud83d\ude42","robots":{"index":"index","follow":"follow","max-snippet":"max-snippet:-1","max-image-preview":"max-image-preview:large","max-video-preview":"max-video-preview:-1"},"canonical":"https:\/\/www.cartelmatic.com\/en\/join-us\/","og_locale":"en_US","og_type":"article","og_title":"Rejoignez la team ! | Cartelmatic","og_description":"Envoyez-nous votre candidature \u00e0 nos offres d'emploi ou envoyez-nous votre cv + lettre de motivation via notre formulaire de contact et rejoignez notre \u00e9quipe de passionn\u00e9s \ud83d\ude42","og_url":"https:\/\/www.cartelmatic.com\/en\/join-us\/","og_site_name":"Cartelmatic","article_publisher":"https:\/\/www.facebook.com\/pages\/Cartel-Matic\/290212320994482","article_modified_time":"2021-10-18T15:57:31+00:00","twitter_card":"summary_large_image","schema":{"@context":"https:\/\/schema.org","@graph":[{"@type":"WebPage","@id":"https:\/\/www.cartelmatic.com\/en\/join-us\/","url":"https:\/\/www.cartelmatic.com\/en\/join-us\/","name":"Rejoignez la team ! | Cartelmatic","isPartOf":{"@id":"https:\/\/www.cartelmatic.com\/en\/#website"},"datePublished":"2020-11-12T09:56:07+00:00","dateModified":"2021-10-18T15:57:31+00:00","description":"Envoyez-nous votre candidature \u00e0 nos offres d'emploi ou envoyez-nous votre cv + lettre de motivation via notre formulaire de contact et rejoignez notre \u00e9quipe de passionn\u00e9s \ud83d\ude42","breadcrumb":{"@id":"https:\/\/www.cartelmatic.com\/en\/join-us\/#breadcrumb"},"inLanguage":"en-US","potentialAction":[{"@type":"ReadAction","target":["https:\/\/www.cartelmatic.com\/en\/join-us\/"]}]},{"@type":"BreadcrumbList","@id":"https:\/\/www.cartelmatic.com\/en\/join-us\/#breadcrumb","itemListElement":[{"@type":"ListItem","position":1,"name":"Home","item":"https:\/\/www.cartelmatic.com\/en\/"},{"@type":"ListItem","position":2,"name":"Join us"}]},{"@type":"WebSite","@id":"https:\/\/www.cartelmatic.com\/en\/#website","url":"https:\/\/www.cartelmatic.com\/en\/","name":"Cartelmatic","description":"Solutions interactives","publisher":{"@id":"https:\/\/www.cartelmatic.com\/en\/#organization"},"potentialAction":[{"@type":"SearchAction","target":{"@type":"EntryPoint","urlTemplate":"https:\/\/www.cartelmatic.com\/en\/?s={search_term_string}"},"query-input":{"@type":"PropertyValueSpecification","valueRequired":true,"valueName":"search_term_string"}}],"inLanguage":"en-US"},{"@type":"Organization","@id":"https:\/\/www.cartelmatic.com\/en\/#organization","name":"Cartelmatic","url":"https:\/\/www.cartelmatic.com\/en\/","logo":{"@type":"ImageObject","inLanguage":"en-US","@id":"https:\/\/www.cartelmatic.com\/en\/#\/schema\/logo\/image\/","url":"https:\/\/www.cartelmatic.com\/wp-content\/uploads\/2020\/10\/CMJN-logo-noir.svg","contentUrl":"https:\/\/www.cartelmatic.com\/wp-content\/uploads\/2020\/10\/CMJN-logo-noir.svg","width":1,"height":1,"caption":"Cartelmatic"},"image":{"@id":"https:\/\/www.cartelmatic.com\/en\/#\/schema\/logo\/image\/"},"sameAs":["https:\/\/www.facebook.com\/pages\/Cartel-Matic\/290212320994482","https:\/\/www.linkedin.com\/company\/cartelmatic\/","https:\/\/www.instagram.com\/cartel_matic\/?hl=fr","https:\/\/www.youtube.com\/channel\/UCQ2wm7Goi8nwv9Ud28QsnOg"]}]}},"_links":{"self":[{"href":"https:\/\/www.cartelmatic.com\/en\/wp-json\/wp\/v2\/pages\/10331","targetHints":{"allow":["GET"]}}],"collection":[{"href":"https:\/\/www.cartelmatic.com\/en\/wp-json\/wp\/v2\/pages"}],"about":[{"href":"https:\/\/www.cartelmatic.com\/en\/wp-json\/wp\/v2\/types\/page"}],"author":[{"embeddable":true,"href":"https:\/\/www.cartelmatic.com\/en\/wp-json\/wp\/v2\/users\/1"}],"replies":[{"embeddable":true,"href":"https:\/\/www.cartelmatic.com\/en\/wp-json\/wp\/v2\/comments?post=10331"}],"version-history":[{"count":0,"href":"https:\/\/www.cartelmatic.com\/en\/wp-json\/wp\/v2\/pages\/10331\/revisions"}],"wp:attachment":[{"href":"https:\/\/www.cartelmatic.com\/en\/wp-json\/wp\/v2\/media?parent=10331"}],"curies":[{"name":"wp","href":"https:\/\/api.w.org\/{rel}","templated":true}]}}