{"id":10266,"date":"2020-11-16T11:15:32","date_gmt":"2020-11-16T10:15:32","guid":{"rendered":"https:\/\/www.cartelmatic.com\/un-devis-pour-votre-projet-daffichage-dynamique\/"},"modified":"2024-02-12T16:32:21","modified_gmt":"2024-02-12T15:32:21","slug":"un-devis-pour-votre-projet-daffichage-dynamique","status":"publish","type":"page","link":"https:\/\/www.cartelmatic.com\/en\/un-devis-pour-votre-projet-daffichage-dynamique\/","title":{"rendered":"Request a quote for your digital signage project"},"content":{"rendered":"<div class='fluentform ff-default fluentform_wrapper_7 ffs_default_wrap'><form data-form_id=\"7\" id=\"fluentform_7\" class=\"frm-fluent-form fluent_form_7 ff-el-form-top ff_form_instance_7_1 ff-form-loading ff_has_v3_recptcha ffs_default\" data-form_instance=\"ff_form_instance_7_1\" method=\"POST\" data-recptcha_key=\"6Lf45G8pAAAAABO_ctqjgjeOdaWtC69mFWGxpm_t\" ><fieldset  style=\"border: none!important;margin: 0!important;padding: 0!important;background-color: transparent!important;box-shadow: none!important;outline: none!important; min-inline-size: 100%;\">\n                    <legend class=\"ff_screen_reader_title\" style=\"display: block; margin: 0!important;padding: 0!important;height: 0!important;text-indent: -999999px;width: 0!important;overflow:hidden;\">Devis EN<\/legend>        <div\n                style=\"display: none!important; position: absolute!important; transform: translateX(1000%)!important;\"\n                class=\"ff-el-group ff-hpsf-container\"\n        >\n            <div class=\"ff-el-input--label asterisk-right\">\n                <label for=\"ff_7_item_sf\" aria-label=\"Newsletter\">\n                    Newsletter                <\/label>\n            <\/div>\n            <div class=\"ff-el-input--content\">\n                <input type=\"text\"\n                       name=\"item_7__fluent_sf\"\n                       class=\"ff-el-form-control\"\n                       id=\"ff_7_item_sf\"\n                \/>\n            <\/div>\n        <\/div>\n        <input type='hidden' name='__fluent_form_embded_post_id' value='10266' \/><input type=\"hidden\" id=\"_fluentform_7_fluentformnonce\" name=\"_fluentform_7_fluentformnonce\" value=\"9415983086\" \/><input type=\"hidden\" name=\"_wp_http_referer\" value=\"\/en\/wp-json\/wp\/v2\/pages\/10266\" \/><div class='ff-el-group  ff-custom_html' tabindex='-1' data-name=\"custom_html-7_1\" ><p>Are you interested in installing an interactive kiosk and want an idea of cost involved before embarking on your digital journey? Cartelmatic\u2019s teams are on hand to provide information and advice on the different steps involved, the prices, and the best products for your sector.<\/p>\n<p><br \/>Describe your project in the form below and we will contact you with a quote for your interactive kiosk or other digital signage solution.<\/p>\n<p><br \/><b data-stringify-type=\"bold\">Send us a message<\/b><\/p><\/div><div data-type=\"name-element\" data-name=\"names\" class=\" ff-field_container ff-name-field-wrapper\" ><div class='ff-t-container'><div class='ff-t-cell '><div class='ff-el-group'><div class=\"ff-el-input--label ff-el-is-required asterisk-right\"><label for='ff_7_names_first_name_' id='label_ff_7_names_first_name_' >Last name<\/label><\/div><div class='ff-el-input--content'><input type=\"text\" name=\"names[first_name]\" id=\"ff_7_names_first_name_\" class=\"ff-el-form-control\" placeholder=\"Last name\" aria-invalid=\"false\" aria-required=true><\/div><\/div><\/div><div class='ff-t-cell '><div class='ff-el-group'><div class=\"ff-el-input--label ff-el-is-required asterisk-right\"><label for='ff_7_names_last_name_' id='label_ff_7_names_last_name_' >First name<\/label><\/div><div class='ff-el-input--content'><input type=\"text\" name=\"names[last_name]\" id=\"ff_7_names_last_name_\" class=\"ff-el-form-control\" placeholder=\"First name\" aria-invalid=\"false\" aria-required=true><\/div><\/div><\/div><\/div><\/div><div data-name=\"ff_cn_id_1\"  class='ff-t-container ff-column-container ff_columns_total_2 '><div class='ff-t-cell ff-t-column-1' style='flex-basis: 50%;'><div class='ff-el-group'><div class=\"ff-el-input--label ff-el-is-required asterisk-right\"><label for='ff_7_email' id='label_ff_7_email' aria-label=\"E-mail\">E-mail<\/label><\/div><div class='ff-el-input--content'><input type=\"email\" name=\"email\" id=\"ff_7_email\" class=\"ff-el-form-control\" placeholder=\"E-mail adress\" data-name=\"email\"  aria-invalid=\"false\" aria-required=true><\/div><\/div><\/div><div class='ff-t-cell ff-t-column-2' style='flex-basis: 50%;'><div class='ff-el-group'><div class=\"ff-el-input--label ff-el-is-required asterisk-right\"><label for='ff_7_input_text' id='label_ff_7_input_text' aria-label=\"Phone no.\">Phone no.<\/label><\/div><div class='ff-el-input--content'><input type=\"text\" name=\"input_text\" class=\"ff-el-form-control\" placeholder=\"Phone number\" data-name=\"input_text\" id=\"ff_7_input_text\"  aria-invalid=\"false\" aria-required=true><\/div><\/div><\/div><\/div><div data-name=\"ff_cn_id_2\"  class='ff-t-container ff-column-container ff_columns_total_2 '><div class='ff-t-cell ff-t-column-1' style='flex-basis: 50%;'><div class='ff-el-group'><div class=\"ff-el-input--label ff-el-is-required asterisk-right\"><label for='ff_7_subject' id='label_ff_7_subject' aria-label=\"Company or institution\">Company or institution<\/label><\/div><div class='ff-el-input--content'><input type=\"text\" name=\"subject\" class=\"ff-el-form-control\" placeholder=\"Company or institition \" data-name=\"subject\" id=\"ff_7_subject\"  aria-invalid=\"false\" aria-required=true><\/div><\/div><\/div><div class='ff-t-cell ff-t-column-2' style='flex-basis: 50%;'><div class='ff-el-group'><div class=\"ff-el-input--label ff-el-is-required asterisk-right\"><label for='ff_7_input_text_1' id='label_ff_7_input_text_1' aria-label=\"Function\">Function<\/label><\/div><div class='ff-el-input--content'><input type=\"text\" name=\"input_text_1\" class=\"ff-el-form-control\" placeholder=\"Function\" data-name=\"input_text_1\" id=\"ff_7_input_text_1\"  aria-invalid=\"false\" aria-required=true><\/div><\/div><\/div><\/div><div data-name=\"ff_cn_id_3\"  class='ff-t-container ff-column-container ff_columns_total_3 '><div class='ff-t-cell ff-t-column-1' style='flex-basis: 15.55%;'><\/div><div class='ff-t-cell ff-t-column-2' style='flex-basis: 61.08%;'><div class='ff-el-group'><div class=\"ff-el-input--label asterisk-right\"><label for='ff_7_dropdown' id='label_ff_7_dropdown' aria-label=\"How did you find us ?\">How did you find us ? <\/label><\/div><div class='ff-el-input--content'><select name=\"dropdown\" id=\"ff_7_dropdown\" class=\"ff-el-form-control\" data-name=\"dropdown\" data-calc_value=\"0\"  aria-invalid=\"false\" aria-required=\"false\" aria-labelledby=\"label_ff_7_dropdown\"><option value=\"\">- Choice -<\/option><option value=\"Internet\"  >Internet<\/option><option value=\"Word of mouth\"  >Word of mouth<\/option><option value=\"Other\"  >Other<\/option><\/select><\/div><\/div><\/div><div class='ff-t-cell ff-t-column-3' style='flex-basis: 23.37%;'><\/div><\/div><div class='ff-el-group'><div class=\"ff-el-input--label ff-el-is-required asterisk-right\"><label for='ff_7_message' id='label_ff_7_message' aria-label=\"Comment\">Comment<\/label><\/div><div class='ff-el-input--content'><textarea aria-required=\"true\" aria-labelledby=\"label_ff_7_message\" name=\"message\" id=\"ff_7_message\" class=\"ff-el-form-control\" placeholder=\"Comment\" rows=\"4\" cols=\"2\" data-name=\"message\" ><\/textarea><\/div><\/div><div class='ff-el-group  ff-custom_html' tabindex='-1' data-name=\"custom_html-7_2\" ><p>By clicking on send, you agree to let Cartel collect and process your information to your request. <a href=\"https:\/\/www.cartelmatic.com\/politique-de-confidentialite\/\">Find out more about your data rights and how we manage your data<\/a>.<\/p>\n<p>The fields marked with a asterisk <b data-stringify-type=\"bold\">[*] are required fields.<\/b><\/p><\/div><div class='ff-el-group ff-text-left ff_submit_btn_wrapper'><button type=\"submit\" class=\"ff-btn ff-btn-submit ff-btn-md ff_btn_style\"  aria-label=\"Envoyer le formulaire\">Envoyer le formulaire<\/button><\/div><\/fieldset><\/form><div id='fluentform_7_errors' class='ff-errors-in-stack ff_form_instance_7_1 ff-form-loading_errors ff_form_instance_7_1_errors'><\/div><\/div>            <script type=\"text\/javascript\">\n                window.fluent_form_ff_form_instance_7_1 = {\"id\":\"7\",\"settings\":{\"layout\":{\"labelPlacement\":\"top\",\"helpMessagePlacement\":\"with_label\",\"errorMessagePlacement\":\"inline\",\"cssClassName\":\"\",\"asteriskPlacement\":\"asterisk-right\"},\"restrictions\":{\"denyEmptySubmission\":{\"enabled\":false}}},\"form_instance\":\"ff_form_instance_7_1\",\"form_id_selector\":\"fluentform_7\",\"rules\":{\"names[first_name]\":{\"required\":{\"value\":true,\"message\":\"Ce champ est requis\",\"global\":false,\"global_message\":\"Ce champ est obligatoire\"}},\"names[middle_name]\":{\"required\":{\"value\":false,\"message\":\"This field is required\",\"global\":false,\"global_message\":\"Ce champ est obligatoire\"}},\"names[last_name]\":{\"required\":{\"value\":true,\"message\":\"Ce champ est requis\",\"global\":false,\"global_message\":\"Ce champ est obligatoire\"}},\"email\":{\"required\":{\"value\":true,\"message\":\"Ce champ est requis\",\"global\":false,\"global_message\":\"Ce champ est obligatoire\"},\"email\":{\"value\":true,\"message\":\"This field must contain a valid email\",\"global\":false,\"global_message\":\"Ce champ doit contenir un e-mail valide\"}},\"input_text\":{\"required\":{\"value\":true,\"message\":\"Ce champ est obligatoire\",\"global_message\":\"Ce champ est obligatoire\",\"global\":true}},\"subject\":{\"required\":{\"value\":true,\"message\":\"Ce champ est requis\",\"global\":false,\"global_message\":\"Ce champ est obligatoire\"}},\"input_text_1\":{\"required\":{\"value\":true,\"message\":\"Ce champ est obligatoire\",\"global_message\":\"Ce champ est obligatoire\",\"global\":true}},\"dropdown\":{\"required\":{\"value\":false,\"message\":\"Ce champ est obligatoire\",\"global_message\":\"Ce champ est obligatoire\",\"global\":true}},\"message\":{\"required\":{\"value\":true,\"message\":\"Ce champ est obligatoire\",\"global\":true,\"global_message\":\"Ce champ est obligatoire\"}}},\"debounce_time\":300};\n                            <\/script>\n            \n<h3>Finding us<\/h3>\n<p>&nbsp;<\/p>\n<div id=\"wpgmza_map_1\" class=\"wpgmza_map wpgmza-auto-left\" style=\"display:block;width:75%;height:480px;overflow:hidden;position:relative;\" data-map-id=\"1\" data-maps-engine=\"open-layers\" data-build-engine=\"atlas-novus\" data-shortcode-attributes=\"{&quot;id&quot;:&quot;1&quot;,&quot;zoom&quot;:false,&quot;width&quot;:false,&quot;height&quot;:false,&quot;marker&quot;:false,&quot;classname&quot;:false}\" data-settings=\"{&quot;map_title&quot;:&quot;My first map&quot;,&quot;map_width&quot;:&quot;75&quot;,&quot;map_height&quot;:&quot;480&quot;,&quot;map_start_lat&quot;:&quot;48.09870699999999&quot;,&quot;map_start_lng&quot;:&quot;-1.6168204999999989&quot;,&quot;map_start_location&quot;:&quot;48.100627895970774,-1.6167528999999945&quot;,&quot;map_start_zoom&quot;:&quot;15&quot;,&quot;default_marker&quot;:&quot;0&quot;,&quot;type&quot;:&quot;1&quot;,&quot;alignment&quot;:&quot;4&quot;,&quot;directions_enabled&quot;:&quot;1&quot;,&quot;styling_enabled&quot;:&quot;0&quot;,&quot;styling_json&quot;:&quot;&quot;,&quot;active&quot;:&quot;0&quot;,&quot;kml&quot;:&quot;&quot;,&quot;bicycle&quot;:&quot;0&quot;,&quot;traffic&quot;:&quot;0&quot;,&quot;dbox&quot;:&quot;1&quot;,&quot;dbox_width&quot;:&quot;100&quot;,&quot;listmarkers&quot;:&quot;0&quot;,&quot;listmarkers_advanced&quot;:&quot;0&quot;,&quot;filterbycat&quot;:&quot;0&quot;,&quot;ugm_enabled&quot;:&quot;0&quot;,&quot;ugm_category_enabled&quot;:&quot;0&quot;,&quot;fusion&quot;:&quot;&quot;,&quot;map_width_type&quot;:&quot;%&quot;,&quot;map_height_type&quot;:&quot;px&quot;,&quot;mass_marker_support&quot;:&quot;1&quot;,&quot;ugm_access&quot;:&quot;0&quot;,&quot;order_markers_by&quot;:&quot;0&quot;,&quot;order_markers_choice&quot;:&quot;0&quot;,&quot;show_user_location&quot;:&quot;0&quot;,&quot;default_to&quot;:&quot;&quot;,&quot;store_locator_enabled&quot;:false,&quot;store_locator_distance&quot;:true,&quot;store_locator_default_radius&quot;:10,&quot;store_locator_not_found_message&quot;:&quot;&quot;,&quot;store_locator_bounce&quot;:1,&quot;store_locator_query_string&quot;:&quot;&quot;,&quot;store_locator_default_address&quot;:&quot;&quot;,&quot;wpgmza_store_locator_restrict&quot;:&quot;&quot;,&quot;wpgmza_store_locator_radius_style&quot;:&quot;modern&quot;,&quot;map_max_zoom&quot;:&quot;4&quot;,&quot;transport_layer&quot;:false,&quot;wpgmza_show_points_of_interest&quot;:0,&quot;wpgmza_auto_night&quot;:0,&quot;action&quot;:&quot;wpgmza_save_map&quot;,&quot;redirect_to&quot;:&quot;\\\/wp-admin\\\/admin-post.php&quot;,&quot;map_id&quot;:&quot;1&quot;,&quot;wpgmza_savemap&quot;:&quot;Enregistrer la carte&quot;,&quot;http_referer&quot;:&quot;\\\/wp-admin\\\/admin.php?page=wp-google-maps-menu&amp;amp;action=edit&amp;amp;map_id=1&quot;,&quot;wpgmza_id&quot;:&quot;1&quot;,&quot;wpgmza_start_location&quot;:&quot;48.09870699999999,-1.6168204999999989&quot;,&quot;wpgmza_start_zoom&quot;:&quot;15&quot;,&quot;wpgmza_map_align&quot;:&quot;1&quot;,&quot;store_locator_search_area&quot;:&quot;radial&quot;,&quot;wpgmza_store_locator_default_radius&quot;:&quot;10&quot;,&quot;store_locator_auto_area_max_zoom&quot;:&quot;&quot;,&quot;store_locator_component_anchor&quot;:&quot;0&quot;,&quot;wpgmza_store_locator_bounce&quot;:false,&quot;wpgmza_sl_animation&quot;:null,&quot;sl_stroke_color&quot;:&quot;&quot;,&quot;sl_stroke_opacity&quot;:&quot;&quot;,&quot;sl_fill_color&quot;:&quot;&quot;,&quot;sl_fill_opacity&quot;:&quot;&quot;,&quot;store_locator_location_placeholder&quot;:&quot;&quot;,&quot;store_locator_name_search&quot;:false,&quot;store_locator_name_string&quot;:&quot;&quot;,&quot;store_locator_show_distance&quot;:false,&quot;store_locator_category&quot;:false,&quot;wpgmza_store_locator_use_their_location&quot;:false,&quot;wpgmza_store_locator_hide_before_search&quot;:false,&quot;store_locator_nearby_searches&quot;:false,&quot;wpgmza_ol_tile_filter&quot;:&quot;none&quot;,&quot;wpgmza_theme_data&quot;:&quot;&quot;,&quot;custom_tile_enabled&quot;:false,&quot;custom_tile_image&quot;:&quot;&quot;,&quot;custom_tile_image_width&quot;:&quot;&quot;,&quot;custom_tile_image_height&quot;:&quot;&quot;,&quot;custom_tile_image_attribution&quot;:&quot;&quot;,&quot;iw_primary_color&quot;:&quot;#000000&quot;,&quot;iw_accent_color&quot;:&quot;#000000&quot;,&quot;iw_text_color&quot;:&quot;#000000&quot;,&quot;close_infowindow_on_map_click&quot;:false,&quot;marker_share_links&quot;:false,&quot;wpgmza_listmarkers_by&quot;:&quot;0&quot;,&quot;marker_listing_component_anchor&quot;:null,&quot;marker_listing_component_auto_open&quot;:false,&quot;dataTable_pagination_style&quot;:null,&quot;category_filter_component_anchor&quot;:null,&quot;zoom_level_on_marker_listing_override&quot;:false,&quot;zoom_level_on_marker_listing_click&quot;:&quot;&quot;,&quot;marker_listing_disable_zoom&quot;:false,&quot;datatable_no_result_message&quot;:&quot;&quot;,&quot;remove_search_box_datables&quot;:false,&quot;datatable_search_string&quot;:&quot;&quot;,&quot;datatable_result_start&quot;:&quot;&quot;,&quot;datatable_result_of&quot;:&quot;&quot;,&quot;datatable_result_to&quot;:&quot;&quot;,&quot;datatable_result_total&quot;:&quot;&quot;,&quot;datatable_result_show&quot;:&quot;&quot;,&quot;datatable_result_entries&quot;:&quot;&quot;,&quot;category_legends_enabled&quot;:false,&quot;category_legends_component_anchor&quot;:null,&quot;jump_to_nearest_marker_on_initialization&quot;:false,&quot;click_open_link&quot;:false,&quot;wpgmza_zoom_on_marker_click&quot;:false,&quot;wpgmza_zoom_on_marker_click_slider&quot;:&quot;&quot;,&quot;polygon_labels&quot;:false,&quot;disable_polygon_info_windows&quot;:false,&quot;fit_maps_bounds_to_markers&quot;:false,&quot;fit_maps_bounds_to_markers_after_filtering&quot;:false,&quot;automatically_pan_to_users_location&quot;:false,&quot;override_users_location_zoom_level&quot;:false,&quot;override_users_location_zoom_levels&quot;:&quot;&quot;,&quot;show_distance_from_location&quot;:false,&quot;map_starts_in_streetview&quot;:false,&quot;map_starts_in_streetview_location&quot;:&quot;&quot;,&quot;map_starts_in_streetview_heading&quot;:&quot;&quot;,&quot;map_starts_in_streetview_pitch&quot;:&quot;&quot;,&quot;map_min_zoom&quot;:&quot;16&quot;,&quot;hide_point_of_interest&quot;:false,&quot;disable_lightbox_images&quot;:false,&quot;use_Raw_Jpeg_Coordinates&quot;:false,&quot;enable_marker_ratings&quot;:false,&quot;only_load_markers_within_viewport&quot;:false,&quot;id&quot;:1}\" ><\/div>\n","protected":false},"excerpt":{"rendered":"<p>Finding us &nbsp;<\/p>\n","protected":false},"author":1,"featured_media":0,"parent":0,"menu_order":0,"comment_status":"closed","ping_status":"closed","template":"contact.php","meta":{"_acf_changed":false,"footnotes":""},"class_list":["post-10266","page","type-page","status-publish","hentry"],"acf":[],"yoast_head":"<!-- This site is optimized with the Yoast SEO plugin v27.3 - https:\/\/yoast.com\/product\/yoast-seo-wordpress\/ -->\n<title>Devis pour votre borne interactive ou affichage dynamique | Cartelmatic<\/title>\n<meta name=\"description\" content=\"Les \u00e9quipes Cartelmatic sont \u00e0 votre disposition pour vous conseiller sur les d\u00e9marches, la tarification et les bonnes pratiques de votre secteur !\" \/>\n<meta name=\"robots\" content=\"index, follow, max-snippet:-1, max-image-preview:large, max-video-preview:-1\" \/>\n<link rel=\"canonical\" href=\"https:\/\/www.cartelmatic.com\/en\/un-devis-pour-votre-projet-daffichage-dynamique\/\" \/>\n<meta property=\"og:locale\" content=\"en_US\" \/>\n<meta property=\"og:type\" content=\"article\" \/>\n<meta property=\"og:title\" content=\"Devis pour votre borne interactive ou affichage dynamique | Cartelmatic\" \/>\n<meta property=\"og:description\" content=\"Les \u00e9quipes Cartelmatic sont \u00e0 votre disposition pour vous conseiller sur les d\u00e9marches, la tarification et les bonnes pratiques de votre secteur !\" \/>\n<meta property=\"og:url\" content=\"https:\/\/www.cartelmatic.com\/en\/un-devis-pour-votre-projet-daffichage-dynamique\/\" \/>\n<meta property=\"og:site_name\" content=\"Cartelmatic\" \/>\n<meta property=\"article:publisher\" content=\"https:\/\/www.facebook.com\/pages\/Cartel-Matic\/290212320994482\" \/>\n<meta property=\"article:modified_time\" content=\"2024-02-12T15:32:21+00:00\" \/>\n<meta name=\"twitter:card\" content=\"summary_large_image\" \/>\n<meta name=\"twitter:label1\" content=\"Est. reading time\" \/>\n\t<meta name=\"twitter:data1\" content=\"1 minute\" \/>\n<script type=\"application\/ld+json\" class=\"yoast-schema-graph\">{\"@context\":\"https:\\\/\\\/schema.org\",\"@graph\":[{\"@type\":\"WebPage\",\"@id\":\"https:\\\/\\\/www.cartelmatic.com\\\/en\\\/un-devis-pour-votre-projet-daffichage-dynamique\\\/\",\"url\":\"https:\\\/\\\/www.cartelmatic.com\\\/en\\\/un-devis-pour-votre-projet-daffichage-dynamique\\\/\",\"name\":\"Devis pour votre borne interactive ou affichage dynamique | Cartelmatic\",\"isPartOf\":{\"@id\":\"https:\\\/\\\/www.cartelmatic.com\\\/en\\\/#website\"},\"datePublished\":\"2020-11-16T10:15:32+00:00\",\"dateModified\":\"2024-02-12T15:32:21+00:00\",\"description\":\"Les \u00e9quipes Cartelmatic sont \u00e0 votre disposition pour vous conseiller sur les d\u00e9marches, la tarification et les bonnes pratiques de votre secteur !\",\"breadcrumb\":{\"@id\":\"https:\\\/\\\/www.cartelmatic.com\\\/en\\\/un-devis-pour-votre-projet-daffichage-dynamique\\\/#breadcrumb\"},\"inLanguage\":\"en-US\",\"potentialAction\":[{\"@type\":\"ReadAction\",\"target\":[\"https:\\\/\\\/www.cartelmatic.com\\\/en\\\/un-devis-pour-votre-projet-daffichage-dynamique\\\/\"]}]},{\"@type\":\"BreadcrumbList\",\"@id\":\"https:\\\/\\\/www.cartelmatic.com\\\/en\\\/un-devis-pour-votre-projet-daffichage-dynamique\\\/#breadcrumb\",\"itemListElement\":[{\"@type\":\"ListItem\",\"position\":1,\"name\":\"Home\",\"item\":\"https:\\\/\\\/www.cartelmatic.com\\\/en\\\/\"},{\"@type\":\"ListItem\",\"position\":2,\"name\":\"Request a quote for your digital signage project\"}]},{\"@type\":\"WebSite\",\"@id\":\"https:\\\/\\\/www.cartelmatic.com\\\/en\\\/#website\",\"url\":\"https:\\\/\\\/www.cartelmatic.com\\\/en\\\/\",\"name\":\"Cartelmatic\",\"description\":\"Solutions interactives\",\"publisher\":{\"@id\":\"https:\\\/\\\/www.cartelmatic.com\\\/en\\\/#organization\"},\"potentialAction\":[{\"@type\":\"SearchAction\",\"target\":{\"@type\":\"EntryPoint\",\"urlTemplate\":\"https:\\\/\\\/www.cartelmatic.com\\\/en\\\/?s={search_term_string}\"},\"query-input\":{\"@type\":\"PropertyValueSpecification\",\"valueRequired\":true,\"valueName\":\"search_term_string\"}}],\"inLanguage\":\"en-US\"},{\"@type\":\"Organization\",\"@id\":\"https:\\\/\\\/www.cartelmatic.com\\\/en\\\/#organization\",\"name\":\"Cartelmatic\",\"url\":\"https:\\\/\\\/www.cartelmatic.com\\\/en\\\/\",\"logo\":{\"@type\":\"ImageObject\",\"inLanguage\":\"en-US\",\"@id\":\"https:\\\/\\\/www.cartelmatic.com\\\/en\\\/#\\\/schema\\\/logo\\\/image\\\/\",\"url\":\"https:\\\/\\\/www.cartelmatic.com\\\/wp-content\\\/uploads\\\/2020\\\/10\\\/CMJN-logo-noir.svg\",\"contentUrl\":\"https:\\\/\\\/www.cartelmatic.com\\\/wp-content\\\/uploads\\\/2020\\\/10\\\/CMJN-logo-noir.svg\",\"width\":1,\"height\":1,\"caption\":\"Cartelmatic\"},\"image\":{\"@id\":\"https:\\\/\\\/www.cartelmatic.com\\\/en\\\/#\\\/schema\\\/logo\\\/image\\\/\"},\"sameAs\":[\"https:\\\/\\\/www.facebook.com\\\/pages\\\/Cartel-Matic\\\/290212320994482\",\"https:\\\/\\\/www.linkedin.com\\\/company\\\/cartelmatic\\\/\",\"https:\\\/\\\/www.instagram.com\\\/cartel_matic\\\/?hl=fr\",\"https:\\\/\\\/www.youtube.com\\\/channel\\\/UCQ2wm7Goi8nwv9Ud28QsnOg\"]}]}<\/script>\n<!-- \/ Yoast SEO plugin. -->","yoast_head_json":{"title":"Devis pour votre borne interactive ou affichage dynamique | Cartelmatic","description":"Les \u00e9quipes Cartelmatic sont \u00e0 votre disposition pour vous conseiller sur les d\u00e9marches, la tarification et les bonnes pratiques de votre secteur !","robots":{"index":"index","follow":"follow","max-snippet":"max-snippet:-1","max-image-preview":"max-image-preview:large","max-video-preview":"max-video-preview:-1"},"canonical":"https:\/\/www.cartelmatic.com\/en\/un-devis-pour-votre-projet-daffichage-dynamique\/","og_locale":"en_US","og_type":"article","og_title":"Devis pour votre borne interactive ou affichage dynamique | Cartelmatic","og_description":"Les \u00e9quipes Cartelmatic sont \u00e0 votre disposition pour vous conseiller sur les d\u00e9marches, la tarification et les bonnes pratiques de votre secteur !","og_url":"https:\/\/www.cartelmatic.com\/en\/un-devis-pour-votre-projet-daffichage-dynamique\/","og_site_name":"Cartelmatic","article_publisher":"https:\/\/www.facebook.com\/pages\/Cartel-Matic\/290212320994482","article_modified_time":"2024-02-12T15:32:21+00:00","twitter_card":"summary_large_image","twitter_misc":{"Est. reading time":"1 minute"},"schema":{"@context":"https:\/\/schema.org","@graph":[{"@type":"WebPage","@id":"https:\/\/www.cartelmatic.com\/en\/un-devis-pour-votre-projet-daffichage-dynamique\/","url":"https:\/\/www.cartelmatic.com\/en\/un-devis-pour-votre-projet-daffichage-dynamique\/","name":"Devis pour votre borne interactive ou affichage dynamique | Cartelmatic","isPartOf":{"@id":"https:\/\/www.cartelmatic.com\/en\/#website"},"datePublished":"2020-11-16T10:15:32+00:00","dateModified":"2024-02-12T15:32:21+00:00","description":"Les \u00e9quipes Cartelmatic sont \u00e0 votre disposition pour vous conseiller sur les d\u00e9marches, la tarification et les bonnes pratiques de votre secteur !","breadcrumb":{"@id":"https:\/\/www.cartelmatic.com\/en\/un-devis-pour-votre-projet-daffichage-dynamique\/#breadcrumb"},"inLanguage":"en-US","potentialAction":[{"@type":"ReadAction","target":["https:\/\/www.cartelmatic.com\/en\/un-devis-pour-votre-projet-daffichage-dynamique\/"]}]},{"@type":"BreadcrumbList","@id":"https:\/\/www.cartelmatic.com\/en\/un-devis-pour-votre-projet-daffichage-dynamique\/#breadcrumb","itemListElement":[{"@type":"ListItem","position":1,"name":"Home","item":"https:\/\/www.cartelmatic.com\/en\/"},{"@type":"ListItem","position":2,"name":"Request a quote for your digital signage project"}]},{"@type":"WebSite","@id":"https:\/\/www.cartelmatic.com\/en\/#website","url":"https:\/\/www.cartelmatic.com\/en\/","name":"Cartelmatic","description":"Solutions interactives","publisher":{"@id":"https:\/\/www.cartelmatic.com\/en\/#organization"},"potentialAction":[{"@type":"SearchAction","target":{"@type":"EntryPoint","urlTemplate":"https:\/\/www.cartelmatic.com\/en\/?s={search_term_string}"},"query-input":{"@type":"PropertyValueSpecification","valueRequired":true,"valueName":"search_term_string"}}],"inLanguage":"en-US"},{"@type":"Organization","@id":"https:\/\/www.cartelmatic.com\/en\/#organization","name":"Cartelmatic","url":"https:\/\/www.cartelmatic.com\/en\/","logo":{"@type":"ImageObject","inLanguage":"en-US","@id":"https:\/\/www.cartelmatic.com\/en\/#\/schema\/logo\/image\/","url":"https:\/\/www.cartelmatic.com\/wp-content\/uploads\/2020\/10\/CMJN-logo-noir.svg","contentUrl":"https:\/\/www.cartelmatic.com\/wp-content\/uploads\/2020\/10\/CMJN-logo-noir.svg","width":1,"height":1,"caption":"Cartelmatic"},"image":{"@id":"https:\/\/www.cartelmatic.com\/en\/#\/schema\/logo\/image\/"},"sameAs":["https:\/\/www.facebook.com\/pages\/Cartel-Matic\/290212320994482","https:\/\/www.linkedin.com\/company\/cartelmatic\/","https:\/\/www.instagram.com\/cartel_matic\/?hl=fr","https:\/\/www.youtube.com\/channel\/UCQ2wm7Goi8nwv9Ud28QsnOg"]}]}},"_links":{"self":[{"href":"https:\/\/www.cartelmatic.com\/en\/wp-json\/wp\/v2\/pages\/10266","targetHints":{"allow":["GET"]}}],"collection":[{"href":"https:\/\/www.cartelmatic.com\/en\/wp-json\/wp\/v2\/pages"}],"about":[{"href":"https:\/\/www.cartelmatic.com\/en\/wp-json\/wp\/v2\/types\/page"}],"author":[{"embeddable":true,"href":"https:\/\/www.cartelmatic.com\/en\/wp-json\/wp\/v2\/users\/1"}],"replies":[{"embeddable":true,"href":"https:\/\/www.cartelmatic.com\/en\/wp-json\/wp\/v2\/comments?post=10266"}],"version-history":[{"count":0,"href":"https:\/\/www.cartelmatic.com\/en\/wp-json\/wp\/v2\/pages\/10266\/revisions"}],"wp:attachment":[{"href":"https:\/\/www.cartelmatic.com\/en\/wp-json\/wp\/v2\/media?parent=10266"}],"curies":[{"name":"wp","href":"https:\/\/api.w.org\/{rel}","templated":true}]}}